{"id":12735,"date":"2021-12-22T12:16:14","date_gmt":"2021-12-22T11:16:14","guid":{"rendered":"https:\/\/www.gba-polska.pl\/cosmetiques\/pruebas-en-productos-de-proteccion-solar\/"},"modified":"2024-12-10T12:07:09","modified_gmt":"2024-12-10T11:07:09","slug":"tests-des-produits-de-protection-solaire","status":"publish","type":"page","link":"https:\/\/www.gba-polska.pl\/fr\/cosmetiques\/tests-des-produits-de-protection-solaire\/","title":{"rendered":"Tests des produits de protection solaire"},"content":{"rendered":"<p><section id=\"bt_bb_section69ef39040086f\" class=\"bt_bb_section bt_bb_color_scheme_11 bt_bb_layout_boxed_1200 bt_bb_vertical_align_top bt_bb_background_overlay_dark_solid bt_bb_top_spacing_extra_large bt_bb_bottom_spacing_large bt-dark-skin\" style=\"; --section-primary-color:#ffffff; --section-secondary-color:#181818;\" data-bt-override-class=\"null\"><div class=\"bt_bb_background_image_holder_wrapper\"><div class=\"bt_bb_background_image_holder btLazyLoadBackground\"  data-background_image_src=\"https:\/\/www.gba-polska.pl\/wp-content\/uploads\/2021\/12\/20211214_GBA_Polska_Slider_v3-1.jpg\" data-parallax-zoom-start=\"1\" data-parallax-zoom-end=\"1\" data-parallax-blur-start=\"0\" data-parallax-blur-end=\"0\" data-parallax-opacity-start=\"1\" data-parallax-opacity-end=\"1\" style=\" background-image: url(&#039;https:\/\/www.gba-polska.pl\/wp-content\/plugins\/bold-page-builder\/img\/blank.gif&#039;);\"><\/div><\/div><div class=\"bt_bb_port\"><div class=\"bt_bb_cell\"><div class=\"bt_bb_cell_inner\"><div class=\"bt_bb_row \"  data-bt-override-class=\"{}\"><div class=\"bt_bb_row_holder\" ><div  class=\"bt_bb_column col-xxl-6 col-xl-6 bt_bb_vertical_align_top bt_bb_align_left bt_bb_padding_normal bt_bb_animation_fade_in zoom_out animate\" style=\"; --column-width:6;\" data-width=\"6\" data-bt-override-class=\"{}\"><div class=\"bt_bb_column_content\"><div class=\"bt_bb_column_content_inner\"><header class=\"bt_bb_headline bt_bb_dash_top bt_bb_superheadline bt_bb_size_large bt_bb_align_inherit\" data-bt-override-class=\"null\"><h1><span class=\"bt_bb_headline_superheadline\"><span>Tests cosm\u00e9tiques<\/span><\/span><span class=\"bt_bb_headline_content\"><span>Tests des produits de protection solaire<span class=\"bt_bb_outline_text bt_bb_outline_text_align_left bt_bb_outline_text_size_400\"><span>Badania<\/span><\/span><\/span><\/span><\/h1><\/header><div class=\"bt_bb_separator bt_bb_border_style_none bt_bb_bottom_spacing_60\" data-bt-override-class=\"null\"><\/div><\/div><\/div><\/div><div  class=\"bt_bb_column col-xxl-6 col-xl-6 bt_bb_vertical_align_top bt_bb_align_right bt_bb_padding_40 bt_bb_animation_fade_in zoom_out animate\" style=\"; --column-width:6;\" data-width=\"6\" data-bt-override-class=\"{}\"><div class=\"bt_bb_column_content\"><div class=\"bt_bb_column_content_inner\"><\/div><\/div><\/div><\/div><\/div><\/div><!-- cell_inner --><\/div><!-- cell --><\/div><!-- port --><\/section><section id=\"bt_bb_section69ef390401325\" class=\"bt_bb_section bt_bb_layout_wide bt_bb_vertical_align_top bt_bb_top_spacing_large bt_bb_bottom_spacing_large\" style=\"z-index: 1;\" data-bt-override-class=\"null\"><div class=\"bt_bb_port\"><div class=\"bt_bb_cell\"><div class=\"bt_bb_cell_inner\"><div class=\"bt_bb_row bt_bb_row_push_left bt_bb_content_wide bt_bb_row_width_boxed_1200 bt_bb_row_width_boxed  bt_bb_column_gap_30\" style=\"; --column-gap:30px;\" data-bt-override-class=\"{}\"><div class=\"bt_bb_row_holder\" ><div  class=\"bt_bb_column col-xxl-5 col-xl-5 bt_bb_vertical_align_top bt_bb_align_left bt_bb_padding_normal bt_bb_animation_fade_in animate bt_bb_hidden_xs bt_bb_hidden_ms bt_bb_hidden_sm\" style=\"position: relative;; --column-width:5;\" data-width=\"5\" data-bt-override-class=\"{&quot;bt_bb_align_&quot;:{&quot;current_class&quot;:&quot;bt_bb_align_left&quot;,&quot;def&quot;:&quot;left&quot;,&quot;xl&quot;:&quot;left&quot;}}\"><div class=\"bt_bb_column_content\"><div class=\"bt_bb_column_content_inner\"><div class=\"bt_bb_image bt_bb_shape_square bt_bb_align_inherit bt_bb_hover_style_simple bt_bb_content_display_always bt_bb_content_align_bottom bt_bb_remove_padding_40 bt_bb_fill_background_color_match_content_height\" style=\"max-width: 650px; float: right;\" data-bt-override-class=\"null\"><span><img src = \"https:\/\/www.gba-polska.pl\/wp-content\/plugins\/bold-page-builder\/img\/blank.gif\" data-full_image_src=\"https:\/\/www.gba-polska.pl\/wp-content\/uploads\/2021\/12\/kosmetyki-badania-spf-1.jpg\" data-image_src=\"https:\/\/www.gba-polska.pl\/wp-content\/uploads\/2021\/12\/kosmetyki-badania-spf-1.jpg\" title=\"Badania kosmetyk\u00f3w - badania SPF, ochrony przed s\u0142o\u0144cem\" alt=\"Badania kosmetyk\u00f3w - badania SPF, ochrony przed s\u0142o\u0144cem\" class=\"btLazyLoadImage\"><\/span><\/div><div class=\"bt_bb_floating_element bt_bb_floating_element_horizontal_position_right bt_bb_floating_element_vertical_position_top bt_bb_floating_element_animation_delay_default bt_bb_floating_element_animation_duration_default bt_bb_floating_element_animation_style_ease_out\" style=\"margin-right: -1em; margin-top: -3em; mix-blend-mode: multiply;\" data-speed=\"0\"><div class=\"bt_bb_floating_element_html\" data-speed=\"0\"><span  style=\"width: 6em; height: 6em; box-shadow: 0 0 0 4px #F1F1F1 inset;\"><\/span><\/div><\/div><div class=\"bt_bb_separator bt_bb_border_style_none bt_bb_bottom_spacing_60 bt_bb_hidden_md bt_bb_hidden_lg\" data-bt-override-class=\"null\"><\/div><\/div><\/div><\/div><div  class=\"bt_bb_column col-xxl-7 col-xl-7 bt_bb_vertical_align_middle bt_bb_align_left bt_bb_padding_normal bt_bb_animation_fade_in animate\" style=\"; --column-width:7;\" data-width=\"7\" data-bt-override-class=\"{}\"><div class=\"bt_bb_column_content\"><div class=\"bt_bb_column_content_inner\"><div class=\" bt_bb_row_inner\"   data-bt-override-class=\"{}\"><div class=\"bt_bb_row_inner_holder\"  ><div  class=\"bt_bb_column_inner col-xxl-12 col-xl-12 col-xs-12 col-sm-12 col-md-12 col-lg-12 bt_bb_vertical_align_top bt_bb_align_left bt_bb_padding_normal\"  data-width=\"12\" data-bt-override-class=\"{}\"><div class=\"bt_bb_column_inner_content\"><div class=\"bt_bb_column_inner_content_inner\"><div  class=\"bt_bb_text\" ><\/p>\n<p><strong>Les \u00e9tudes des produits de protection solaire pr\u00e9vus pour \u00eatre mis sur le march\u00e9 doivent d\u00e9montrer une protection contre les rayonnements UVA et UVB.<\/strong><\/p>\n<p>Le niveau de protection contre les rayonnements UVB est d\u00e9termin\u00e9 par le facteur de protection solaire (SPF), tandis que la protection contre les rayonnements UVA est mesur\u00e9e par le facteur de protection UVA (UVA-PF).<\/p>\n<p>En plus de la protection de base contre les UV, les fabricants peuvent \u00e9galement confirmer des d\u00e9clarations suppl\u00e9mentaires, telles que la r\u00e9sistance \u00e0 l&rsquo;eau, la r\u00e9sistance \u00e0 la sueur, ou exclure les propri\u00e9t\u00e9s phototoxiques et photoallerg\u00e8nes des produits.<\/p>\n<p>En fonction de la r\u00e9gion de commercialisation, les tests peuvent \u00eatre r\u00e9alis\u00e9s selon des m\u00e9thodes in vivo (avec des volontaires) et\/ou in vitro (sur des plaques polym\u00e8res imitant la peau).<\/p>\n<p>\n<\/div><div class=\"bt_bb_separator bt_bb_border_style_none bt_bb_bottom_spacing_20 bt_bb_hidden_md bt_bb_hidden_lg\" data-bt-override-class=\"null\"><\/div><\/div><\/div><\/div><\/div><\/div><div class=\" bt_bb_row_inner\"   data-bt-override-class=\"{}\"><div class=\"bt_bb_row_inner_holder\"  ><div  class=\"bt_bb_column_inner col-xxl-12 col-xl-12 col-xs-12 col-sm-12 col-md-12 col-lg-12 bt_bb_vertical_align_top bt_bb_align_left bt_bb_padding_normal\" style=\"position: relative;\" data-width=\"12\" data-bt-override-class=\"{}\"><div class=\"bt_bb_column_inner_content\"><div class=\"bt_bb_column_inner_content_inner\"><div class=\"bt_bb_separator bt_bb_border_style_none bt_bb_bottom_spacing_30\" data-bt-override-class=\"null\"><\/div><header class=\"bt_bb_headline bt_bb_dash_none bt_bb_subheadline bt_bb_size_normal bt_bb_align_inherit\" data-bt-override-class=\"null\"><h4 style=\"font-size:24px\"><span class=\"bt_bb_headline_content\"><span>Dans le laboratoire GBA Polska, nous validons les d\u00e9clarations suivantes:<\/span><\/span><\/h4><div class=\"bt_bb_headline_subheadline\"> <\/div><\/header><div class=\"bt_bb_separator bt_bb_border_style_none bt_bb_bottom_spacing_10\" data-bt-override-class=\"null\"><\/div><div  class=\"bt_bb_text\" ><\/p>\n<ul>\n<li><strong><u>SPF<\/u><\/strong> par les m\u00e9thodes in vivo et in vitro*<\/li>\n<li><strong>UVAPF<\/strong> par les m\u00e9thodes in vivo et in vitro*<\/li>\n<li>R\u00e9sistance \u00e0 l&rsquo;eau par les m\u00e9thodes in vivo et in vitro*<\/li>\n<li>Haute r\u00e9sistance \u00e0 l&rsquo;eau par les m\u00e9thodes in vivo* et in vitro*<\/li>\n<li>Propri\u00e9t\u00e9s phototoxiques par la m\u00e9thode in vivo<\/li>\n<li>Propri\u00e9t\u00e9s photoallergiques par la m\u00e9thode in vivo<\/li>\n<li>Protection contre la lumi\u00e8re bleue (Blue Light) par la m\u00e9thode in vitro*<\/li>\n<li>Protection contre la lumi\u00e8re visible (Visible Light) par la m\u00e9thode in vitro*<\/li>\n<li>Protection contre la lumi\u00e8re infrarouge (IR Light) par la m\u00e9thode in vitro*<\/li>\n<li>Protection contre le spectre complet (UV+VIS+IR) par la m\u00e9thode in vitro*<\/li>\n<li>\u00c9valuation de la photostabilit\u00e9 par la m\u00e9thode in vitro*<\/li>\n<\/ul>\n<p>\n<\/div><div class=\"bt_bb_separator bt_bb_border_style_none bt_bb_bottom_spacing_30\" data-bt-override-class=\"null\"><\/div><header class=\"bt_bb_headline bt_bb_dash_none bt_bb_subheadline bt_bb_size_normal bt_bb_align_inherit\" data-bt-override-class=\"null\"><h4 style=\"font-size:24px\"><span class=\"bt_bb_headline_content\"><span>Les \u00e9tudes sont r\u00e9alis\u00e9es conform\u00e9ment aux normes suivantes:<\/span><\/span><\/h4><div class=\"bt_bb_headline_subheadline\"> <\/div><\/header><div class=\"bt_bb_separator bt_bb_border_style_none bt_bb_bottom_spacing_10\" data-bt-override-class=\"null\"><\/div><div  class=\"bt_bb_text\" ><\/p>\n<ul>\n<li><a href=\"https:\/\/www.iso.org\/standard\/72250.html\">ISO 24444:2019<\/a>\u00a0\u2013 Cosm\u00e9tiques \u2013 M\u00e9thodes de test de la protection solaire \u2013 D\u00e9termination in vivo du facteur de protection solaire (SPF)<\/li>\n<li><a href=\"https:\/\/www.iso.org\/standard\/75496.html\">ISO 24442:2022<\/a>\u00a0\u2013 Cosm\u00e9tiques \u2013 M\u00e9thodes de test de la protection solaire \u2013 D\u00e9termination in vivo de la protection UVA<\/li>\n<li><a href=\"https:\/\/www.iso.org\/standard\/75059.html\">ISO 24443:2021<\/a>\u00a0\u2013 Cosm\u00e9tiques \u2013 M\u00e9thodes de test de la protection solaire \u2013 D\u00e9termination in vitro de la protection UVA*<\/li>\n<li><a href=\"https:\/\/www.iso.org\/standard\/63659.html\">ISO 18861:2020<\/a>\u00a0\u2013 Cosm\u00e9tiques \u2013 M\u00e9thodes de test de la protection solaire \u2013 Pourcentage de r\u00e9sistance \u00e0 l\u2019eau<\/li>\n<li>ISO 16217:2020 \u2013 Cosm\u00e9tiques \u2013 M\u00e9thodes de test de la protection solaire \u2013 Proc\u00e9dure d\u2019immersion pour \u00e9valuer la r\u00e9sistance \u00e0 l\u2019eau<\/li>\n<li>AS\/NZS 2604:2021 \u2013 Produits solaires \u2013 \u00c9valuation et classification<\/li>\n<li>FDA Guidance for Industry \u2013 \u00c9tiquetage et test d\u2019efficacit\u00e9 des produits solaires pour usage OTC (2012)*<\/li>\n<li>M\u00e9thodologies internes<\/li>\n<\/ul>\n<p>* Service sous-trait\u00e9.<\/p>\n<p>\n<\/div><\/div><\/div><\/div><\/div><\/div><\/div><\/div><\/div><\/div><\/div><\/div><!-- cell_inner --><\/div><!-- cell --><\/div><!-- port --><\/section><section id=\"bt_bb_section69ef390403e14\" class=\"bt_bb_section bt_bb_layout_boxed_1200 bt_bb_vertical_align_top bt_bb_bottom_spacing_large\"  data-bt-override-class=\"null\"><div class=\"bt_bb_port\"><div class=\"bt_bb_cell\"><div class=\"bt_bb_cell_inner\"><div class=\"bt_bb_row \"  data-bt-override-class=\"{}\"><div class=\"bt_bb_row_holder\" ><div  class=\"bt_bb_column col-xxl-12 col-xl-12 col-xs-12 col-sm-12 col-md-12 col-lg-12 bt_bb_vertical_align_bottom bt_bb_align_left bt_bb_padding_normal bt_bb_animation_fade_in animate\" style=\"; --column-width:12;\" data-width=\"12\" data-bt-override-class=\"{&quot;bt_bb_align_&quot;:{&quot;current_class&quot;:&quot;bt_bb_align_left&quot;,&quot;def&quot;:&quot;left&quot;,&quot;xl&quot;:&quot;left&quot;}}\"><div class=\"bt_bb_column_content\"><div class=\"bt_bb_column_content_inner\"><div  class=\"bt_bb_text\" ><\/p>\n<p>Les tests peuvent \u00eatre effectu\u00e9s sous forme de pr\u00e9-tests (5 r\u00e9sultats), de suivis (5 r\u00e9sultats), ou d&rsquo;\u00e9tudes compl\u00e8tes (10 r\u00e9sultats). Notre laboratoire conseille sur le choix des m\u00e9thodologies en fonction des exigences des march\u00e9s cibles. Les rapports d\u2019\u00e9tude peuvent \u00eatre adapt\u00e9s aux r\u00e9glementations locales en mati\u00e8re d\u2019\u00e9tiquetage des produits.<\/p>\n<p><strong>Exemples d&rsquo;\u00e9tiquetage de la protection UVA selon la r\u00e9gion:<\/strong><\/p>\n<p>\n<\/div><div class=\"bt_bb_image bt_bb_shape_square bt_bb_align_inherit bt_bb_hover_style_simple bt_bb_content_display_always bt_bb_content_align_middle bt_bb_remove_padding_yes bt_bb_fill_background_color_full\" data-bt-override-class=\"null\"><span><img src = \"https:\/\/www.gba-polska.pl\/wp-content\/plugins\/bold-page-builder\/img\/blank.gif\" data-full_image_src=\"https:\/\/www.gba-polska.pl\/wp-content\/uploads\/2024\/03\/GBA-POLSKA-badania-solaryjne.jpg\" data-image_src=\"https:\/\/www.gba-polska.pl\/wp-content\/uploads\/2024\/03\/GBA-POLSKA-badania-solaryjne.jpg\" title=\"GBA-POLSKA-badania-solaryjne\" alt=\"https:\/\/www.gba-polska.pl\/wp-content\/uploads\/2024\/03\/GBA-POLSKA-badania-solaryjne.jpg\" class=\"btLazyLoadImage\"><\/span><\/div><div class=\"bt_bb_separator bt_bb_border_style_none bt_bb_bottom_spacing_40 bt_bb_hidden_md bt_bb_hidden_lg\" data-bt-override-class=\"null\"><\/div><\/div><\/div><\/div><\/div><\/div><\/div><!-- cell_inner --><\/div><!-- cell --><\/div><!-- port --><\/section><section id=\"bt_bb_section69ef3904054cc\" class=\"bt_bb_section bt_bb_color_scheme_1 bt_bb_layout_boxed_1200 bt_bb_vertical_align_top bt_bb_top_spacing_medium bt_bb_bottom_spacing_medium\" style=\"; --section-primary-color:#ffffff; --section-secondary-color:#000000;;background-color:rgb(108,118,178);\" data-bt-override-class=\"null\"><div class=\"bt_bb_port\"><div class=\"bt_bb_cell\"><div class=\"bt_bb_cell_inner\"><div class=\"bt_bb_row \"  data-bt-override-class=\"{}\"><div class=\"bt_bb_row_holder\" ><div  class=\"bt_bb_column col-xxl-8 col-xl-8 col-xs-12 col-sm-12 col-md-12 col-lg-8 bt_bb_vertical_align_top bt_bb_align_left bt_bb_padding_normal\" style=\"; --column-width:8;\" data-width=\"8\" data-bt-override-class=\"{&quot;bt_bb_align_&quot;:{&quot;current_class&quot;:&quot;bt_bb_align_left&quot;,&quot;def&quot;:&quot;left&quot;,&quot;xl&quot;:&quot;left&quot;}}\"><div class=\"bt_bb_column_content\"><div class=\"bt_bb_column_content_inner\"><header class=\"bt_bb_headline bt_bb_color_scheme_1 bt_bb_dash_none bt_bb_superheadline bt_bb_size_medium bt_bb_align_inherit\" style=\"; --headline-primary-color:#ffffff; --headline-secondary-color:#000000;\" data-bt-override-class=\"null\"><h2><span class=\"bt_bb_headline_superheadline\"><span>FORMULAIRE DE CONTACT<\/span><\/span><span class=\"bt_bb_headline_content\"><span>Tests des produits de protection solaire<\/span><\/span><\/h2><\/header><div class=\"bt_bb_separator bt_bb_border_style_none bt_bb_bottom_spacing_25\" data-bt-override-class=\"null\"><\/div><div  class=\"bt_bb_text\" ><\/p>\n<p>Vous avez des questions ? Vous avez besoin d\u2019une offre personnalis\u00e9e?<br \/>\nUtilisez notre formulaire de contact. Nous vous r\u00e9pondrons rapidement.<\/p>\n<p>\n<\/div><div class=\"bt_bb_separator bt_bb_border_style_none bt_bb_bottom_spacing_25\" data-bt-override-class=\"null\"><\/div><\/div><\/div><\/div><div  class=\"bt_bb_column col-xxl-4 col-xl-4 col-xs-12 col-sm-12 col-md-12 col-lg-4 bt_bb_vertical_align_middle bt_bb_align_left bt_bb_padding_normal\" style=\"; --column-width:4;\" data-width=\"4\" data-bt-override-class=\"{&quot;bt_bb_align_&quot;:{&quot;current_class&quot;:&quot;bt_bb_align_left&quot;,&quot;def&quot;:&quot;left&quot;,&quot;xl&quot;:&quot;left&quot;}}\"><div class=\"bt_bb_column_content\"><div class=\"bt_bb_column_content_inner\"><div class=\"bt_bb_button bt_bb_color_scheme_6 bt_bb_icon_position_left bt_bb_style_outline bt_bb_size_normal bt_bb_width_inline bt_bb_shape_inherit bt_bb_target_self bt_bb_align_inherit\" style=\"; --primary-color:#ffffff; --secondary-color:#004787;\" data-bt-override-class=\"{&quot;bt_bb_size_&quot;:{&quot;current_class&quot;:&quot;bt_bb_size_normal&quot;,&quot;def&quot;:&quot;normal&quot;,&quot;xl&quot;:&quot;normal&quot;},&quot;bt_bb_align_&quot;:{&quot;current_class&quot;:&quot;bt_bb_align_inherit&quot;,&quot;def&quot;:&quot;inherit&quot;,&quot;xl&quot;:&quot;inherit&quot;}}\"><a href=\"\/kontakt\/\" target=\"_self\" class=\"bt_bb_link\" title=\"Contact\"><span class=\"bt_bb_button_text\" >Contact<\/span><\/a><\/div><\/div><\/div><\/div><\/div><\/div><\/div><!-- cell_inner --><\/div><!-- cell --><\/div><!-- port --><\/section><\/p>\n","protected":false},"excerpt":{"rendered":"","protected":false},"author":1,"featured_media":12736,"parent":12682,"menu_order":0,"comment_status":"closed","ping_status":"closed","template":"","meta":{"inline_featured_image":false,"footnotes":""},"class_list":["post-12735","page","type-page","status-publish","has-post-thumbnail","hentry"],"_links":{"self":[{"href":"https:\/\/www.gba-polska.pl\/fr\/wp-json\/wp\/v2\/pages\/12735","targetHints":{"allow":["GET"]}}],"collection":[{"href":"https:\/\/www.gba-polska.pl\/fr\/wp-json\/wp\/v2\/pages"}],"about":[{"href":"https:\/\/www.gba-polska.pl\/fr\/wp-json\/wp\/v2\/types\/page"}],"author":[{"embeddable":true,"href":"https:\/\/www.gba-polska.pl\/fr\/wp-json\/wp\/v2\/users\/1"}],"replies":[{"embeddable":true,"href":"https:\/\/www.gba-polska.pl\/fr\/wp-json\/wp\/v2\/comments?post=12735"}],"version-history":[{"count":2,"href":"https:\/\/www.gba-polska.pl\/fr\/wp-json\/wp\/v2\/pages\/12735\/revisions"}],"predecessor-version":[{"id":12760,"href":"https:\/\/www.gba-polska.pl\/fr\/wp-json\/wp\/v2\/pages\/12735\/revisions\/12760"}],"up":[{"embeddable":true,"href":"https:\/\/www.gba-polska.pl\/fr\/wp-json\/wp\/v2\/pages\/12682"}],"wp:featuredmedia":[{"embeddable":true,"href":"https:\/\/www.gba-polska.pl\/fr\/wp-json\/wp\/v2\/media\/12736"}],"wp:attachment":[{"href":"https:\/\/www.gba-polska.pl\/fr\/wp-json\/wp\/v2\/media?parent=12735"}],"curies":[{"name":"wp","href":"https:\/\/api.w.org\/{rel}","templated":true}]}}