{"id":12228,"date":"2020-10-26T12:19:55","date_gmt":"2020-10-26T11:19:55","guid":{"rendered":"https:\/\/www.gba-polska.pl\/kontakt\/"},"modified":"2024-11-26T16:30:52","modified_gmt":"2024-11-26T15:30:52","slug":"contacto","status":"publish","type":"page","link":"https:\/\/www.gba-polska.pl\/es\/contacto\/","title":{"rendered":"Contacto"},"content":{"rendered":"<p><section id=\"bt_bb_section69deac86a8e67\" class=\"bt_bb_section bt_bb_color_scheme_11 bt_bb_layout_boxed_1200 bt_bb_vertical_align_top bt_bb_background_overlay_dark_solid bt_bb_top_spacing_extra_large bt_bb_bottom_spacing_large bt-dark-skin\" style=\"; --section-primary-color:#ffffff; --section-secondary-color:#181818;\" data-bt-override-class=\"null\"><div class=\"bt_bb_background_image_holder_wrapper\"><div class=\"bt_bb_background_image_holder btLazyLoadBackground\"  data-background_image_src=\"https:\/\/www.gba-polska.pl\/wp-content\/uploads\/2022\/01\/gba-polska-kariera.jpg\" data-parallax-zoom-start=\"1\" data-parallax-zoom-end=\"1\" data-parallax-blur-start=\"0\" data-parallax-blur-end=\"0\" data-parallax-opacity-start=\"1\" data-parallax-opacity-end=\"1\" style=\" background-image: url(&#039;https:\/\/www.gba-polska.pl\/wp-content\/plugins\/bold-page-builder\/img\/blank.gif&#039;);\"><\/div><\/div><div class=\"bt_bb_port\"><div class=\"bt_bb_cell\"><div class=\"bt_bb_cell_inner\"><div class=\"bt_bb_row \"  data-bt-override-class=\"{}\"><div class=\"bt_bb_row_holder\" ><div  class=\"bt_bb_column col-xxl-6 col-xl-6 bt_bb_vertical_align_top bt_bb_align_left bt_bb_padding_normal bt_bb_animation_fade_in zoom_out animate\" style=\"; --column-width:6;\" data-width=\"6\" data-bt-override-class=\"{}\"><div class=\"bt_bb_column_content\"><div class=\"bt_bb_column_content_inner\"><header class=\"bt_bb_headline bt_bb_dash_top bt_bb_superheadline bt_bb_subheadline bt_bb_size_large bt_bb_align_inherit\" data-bt-override-class=\"null\"><h1><span class=\"bt_bb_headline_superheadline\"><span>Contacto<\/span><\/span><span class=\"bt_bb_headline_content\"><span>GBA POLSKA<span class=\"bt_bb_outline_text bt_bb_outline_text_align_left bt_bb_outline_text_size_400\"><span>Kontakt<\/span><\/span><\/span><\/span><\/h1><div class=\"bt_bb_headline_subheadline\">\u00bfTiene alguna pregunta? \u00bfNecesita una oferta individual?<br \/><br \/>\nUtilice el formulario de contacto.<br \/><br \/>\nNos comunicaremos con usted con una respuesta de inmediato.<\/div><\/header><div class=\"bt_bb_separator bt_bb_border_style_none bt_bb_bottom_spacing_60\" data-bt-override-class=\"null\"><\/div><\/div><\/div><\/div><div  class=\"bt_bb_column col-xxl-6 col-xl-6 bt_bb_vertical_align_top bt_bb_align_right bt_bb_padding_40 bt_bb_animation_fade_in zoom_out animate\" style=\"; --column-width:6;\" data-width=\"6\" data-bt-override-class=\"{&quot;bt_bb_align_&quot;:{&quot;current_class&quot;:&quot;bt_bb_align_right&quot;,&quot;def&quot;:&quot;right&quot;,&quot;xl&quot;:&quot;right&quot;}}\"><div class=\"bt_bb_column_content\"><div class=\"bt_bb_column_content_inner\"><\/div><\/div><\/div><\/div><\/div><\/div><!-- cell_inner --><\/div><!-- cell --><\/div><!-- port --><\/section><section id=\"bt_bb_section69deac86a9313\" class=\"bt_bb_section bt_bb_color_scheme_2 bt_bb_layout_boxed_1200 bt_bb_vertical_align_top bt_bb_top_spacing_large bt_bb_bottom_spacing_large\" style=\"z-index: 1;; --section-primary-color:#000000; --section-secondary-color:#ffffff;\" data-bt-override-class=\"null\"><div class=\"bt_bb_port\"><div class=\"bt_bb_cell\"><div class=\"bt_bb_cell_inner\"><div class=\"bt_bb_row \"  data-bt-override-class=\"{}\"><div class=\"bt_bb_row_holder\" ><div  class=\"bt_bb_column col-xxl-4 col-xl-4 col-xs-12 col-sm-12 col-md-12 col-lg-4 bt_bb_vertical_align_top bt_bb_align_left bt_bb_padding_normal bt_bb_animation_fade_in zoom_out animate\" style=\"; --column-width:4;\" data-width=\"4\" data-bt-override-class=\"{}\"><div class=\"bt_bb_column_content\"><div class=\"bt_bb_column_content_inner\"><div class=\"bt_bb_separator bt_bb_border_style_none bt_bb_bottom_spacing_80\" data-bt-override-class=\"null\"><\/div><header class=\"bt_bb_headline bt_bb_dash_none bt_bb_size_normal bt_bb_align_inherit\" data-bt-override-class=\"null\"><h3><span class=\"bt_bb_headline_content\"><span>\u00a1Ll\u00e1menos!<\/span><\/span><\/h3><\/header><div class=\"bt_bb_separator bt_bb_border_style_none bt_bb_bottom_spacing_20\" data-bt-override-class=\"null\"><\/div><header class=\"bt_bb_headline bt_bb_font_weight_400 bt_bb_color_scheme_3 bt_bb_dash_none bt_bb_size_normal bt_bb_align_inherit\" style=\"; --headline-primary-color:#004787; --headline-secondary-color:#000000;\" data-bt-override-class=\"null\"><h3><span class=\"bt_bb_headline_content\"><span><a href=\"tel:+ 48 22 783 17 34\" target=\"_blank\" title=\"+ 48 22 783 17 34\">+ 48 22 783 17 34<\/a><\/span><\/span><\/h3><\/header><div class=\"bt_bb_separator bt_bb_border_style_solid bt_bb_top_spacing_60 bt_bb_bottom_spacing_60\" style=\"; border-width: 1px\" data-bt-override-class=\"null\"><\/div><header class=\"bt_bb_headline bt_bb_dash_none bt_bb_size_small bt_bb_align_inherit\" data-bt-override-class=\"null\"><h3><span class=\"bt_bb_headline_content\"><span>GBA POLSKA Sp. z o.o.<br \/><br \/>\nMember of GBA Group<\/span><\/span><\/h3><\/header><div class=\"bt_bb_separator bt_bb_border_style_none bt_bb_bottom_spacing_20\" data-bt-override-class=\"null\"><\/div><div class=\" bt_bb_row_inner\"   data-bt-override-class=\"{}\"><div class=\"bt_bb_row_inner_holder\"  ><div  class=\"bt_bb_column_inner col-xxl-12 col-xl-12 col-xs-12 col-sm-12 col-md-12 col-lg-12 bt_bb_vertical_align_top bt_bb_align_left bt_bb_padding_normal\"  data-width=\"12\" data-bt-override-class=\"{}\"><div class=\"bt_bb_column_inner_content\"><div class=\"bt_bb_column_inner_content_inner\"><div class=\"bt_bb_service bt_bb_color_scheme_6 bt_bb_style_filled bt_bb_size_normal bt_bb_shape_square bt_bb_target_self bt_bb_align_inherit bt_bb_font_weight_600 bt_bb_size_headline_medium\" style=\"; --primary-color:#ffffff; --secondary-color:#004787;\" data-bt-override-class=\"{&quot;bt_bb_size_&quot;:{&quot;current_class&quot;:&quot;bt_bb_size_normal&quot;,&quot;def&quot;:&quot;normal&quot;,&quot;xl&quot;:&quot;normal&quot;},&quot;bt_bb_align_&quot;:{&quot;current_class&quot;:&quot;bt_bb_align_inherit&quot;,&quot;def&quot;:&quot;inherit&quot;,&quot;xl&quot;:&quot;inherit&quot;}}\"><span  data-ico-amwerk=\"&#xe9bd;\" class=\"bt_bb_icon_holder\"><\/span><div class=\"bt_bb_service_content\"><div class=\"bt_bb_service_content_text\"><strong>Oficina registrada:<\/strong><br \/><br \/>\nul. Mochty\u0144ska 65<br \/><br \/>\n03-289 Varsovia (Polonia)<\/div><\/div><\/div><div class=\"bt_bb_separator bt_bb_border_style_none bt_bb_bottom_spacing_60\" data-bt-override-class=\"null\"><\/div><\/div><\/div><\/div><\/div><\/div><div class=\" bt_bb_row_inner\"   data-bt-override-class=\"{}\"><div class=\"bt_bb_row_inner_holder\"  ><div  class=\"bt_bb_column_inner col-xxl-12 col-xl-12 col-xs-12 col-sm-12 col-md-12 col-lg-12 bt_bb_vertical_align_top bt_bb_align_left bt_bb_padding_normal\"  data-width=\"12\" data-bt-override-class=\"{}\"><div class=\"bt_bb_column_inner_content\"><div class=\"bt_bb_column_inner_content_inner\"><div class=\"bt_bb_service bt_bb_color_scheme_6 bt_bb_style_filled bt_bb_size_normal bt_bb_shape_square bt_bb_target_blank bt_bb_align_inherit bt_bb_font_weight_600 bt_bb_size_headline_medium\" style=\"; --primary-color:#ffffff; --secondary-color:#004787;\" data-bt-override-class=\"{&quot;bt_bb_size_&quot;:{&quot;current_class&quot;:&quot;bt_bb_size_normal&quot;,&quot;def&quot;:&quot;normal&quot;,&quot;xl&quot;:&quot;normal&quot;},&quot;bt_bb_align_&quot;:{&quot;current_class&quot;:&quot;bt_bb_align_inherit&quot;,&quot;def&quot;:&quot;inherit&quot;,&quot;xl&quot;:&quot;inherit&quot;}}\"><span  data-ico-amwerk=\"&#xe9bf;\" class=\"bt_bb_icon_holder\"><\/span><div class=\"bt_bb_service_content\"><div class=\"bt_bb_service_content_text\">sekretariat@gba-polska.pl<\/div><\/div><\/div><div class=\"bt_bb_separator bt_bb_border_style_none bt_bb_bottom_spacing_60\" data-bt-override-class=\"null\"><\/div><\/div><\/div><\/div><\/div><\/div><div class=\"bt_bb_separator bt_bb_border_style_solid bt_bb_bottom_spacing_60\" style=\"; border-width: 1px\" data-bt-override-class=\"null\"><\/div><header class=\"bt_bb_headline bt_bb_dash_none bt_bb_size_normal bt_bb_align_inherit\" data-bt-override-class=\"null\"><h3><span class=\"bt_bb_headline_content\"><span>Social media<\/span><\/span><\/h3><\/header><div class=\"bt_bb_separator bt_bb_border_style_none bt_bb_bottom_spacing_20\" data-bt-override-class=\"null\"><\/div><div class=\"bt_bb_icon bt_bb_color_scheme_3 bt_bb_style_borderless bt_bb_size_small bt_bb_shape_circle bt_bb_target_blank bt_bb_text_empty bt_bb_align_inherit\" style=\"; --primary-color:#004787; --secondary-color:#000000;\" data-bt-override-class=\"{&quot;bt_bb_size_&quot;:{&quot;current_class&quot;:&quot;bt_bb_size_small&quot;,&quot;def&quot;:&quot;small&quot;,&quot;xl&quot;:&quot;small&quot;},&quot;bt_bb_align_&quot;:{&quot;current_class&quot;:&quot;bt_bb_align_inherit&quot;,&quot;def&quot;:&quot;inherit&quot;,&quot;xl&quot;:&quot;inherit&quot;}}\"><a href=\"https:\/\/www.linkedin.com\/company\/jarspl\"  target=\"_blank\"   data-ico-fontawesome5brands=\"&#xf0e1;\" class=\"bt_bb_icon_holder\"><\/a><\/div><div class=\"bt_bb_separator bt_bb_border_style_none bt_bb_bottom_spacing_100 bt_bb_hidden_md bt_bb_hidden_lg\" data-bt-override-class=\"null\"><\/div><\/div><\/div><\/div><div  class=\"bt_bb_column col-xxl-8 col-xl-8 col-xs-12 col-sm-12 col-md-12 col-lg-8 bt_bb_vertical_align_top bt_bb_align_left bt_bb_padding_40 bt_bb_animation_fade_in zoom_out animate\" style=\"; --column-width:8;\" data-width=\"8\" data-bt-override-class=\"{&quot;bt_bb_align_&quot;:{&quot;current_class&quot;:&quot;bt_bb_align_left&quot;,&quot;def&quot;:&quot;left&quot;,&quot;xl&quot;:&quot;left&quot;}}\"><div class=\"bt_bb_column_content\" style=\"background-color:rgb(249,249,249);\"><div class=\"bt_bb_column_content_inner\"><div class=\"bt_bb_separator bt_bb_border_style_none bt_bb_bottom_spacing_40\" data-bt-override-class=\"null\"><\/div><header class=\"bt_bb_headline bt_bb_dash_none bt_bb_size_normal bt_bb_align_inherit\" data-bt-override-class=\"null\"><h3><span class=\"bt_bb_headline_content\"><span>FORMULARIO DE CONTACTO<\/span><\/span><\/h3><\/header><div class=\"bt_bb_separator bt_bb_border_style_none bt_bb_bottom_spacing_20\" data-bt-override-class=\"null\"><\/div><div  class=\"bt_bb_text\" ><\/p>\n<p><em>Los campos marcados con cuadrados son obligatorios.<\/em><\/p>\n<p>\n<\/div><div class=\"bt_bb_separator bt_bb_border_style_none bt_bb_bottom_spacing_20\" data-bt-override-class=\"null\"><\/div><div class=\"bt_bb_contact_form_7\">\n<div class=\"wpcf7 no-js\" id=\"wpcf7-f12238-o1\" lang=\"pl-PL\" dir=\"ltr\" data-wpcf7-id=\"12238\">\n<div class=\"screen-reader-response\"><p role=\"status\" aria-live=\"polite\" aria-atomic=\"true\"><\/p> <ul><\/ul><\/div>\n<form action=\"\/es\/wp-json\/wp\/v2\/pages\/12228#wpcf7-f12238-o1\" method=\"post\" class=\"wpcf7-form init\" aria-label=\"Formularz kontaktowy\" novalidate=\"novalidate\" data-status=\"init\">\n<fieldset class=\"hidden-fields-container\"><input type=\"hidden\" name=\"_wpcf7\" value=\"12238\" \/><input type=\"hidden\" name=\"_wpcf7_version\" value=\"6.1.5\" \/><input type=\"hidden\" name=\"_wpcf7_locale\" value=\"pl_PL\" \/><input type=\"hidden\" name=\"_wpcf7_unit_tag\" value=\"wpcf7-f12238-o1\" \/><input type=\"hidden\" name=\"_wpcf7_container_post\" value=\"0\" \/><input type=\"hidden\" name=\"_wpcf7_posted_data_hash\" value=\"\" \/>\n<\/fieldset>\n<div class=\"bt_bb_cf7_form\">\n\t<div class=\"bt_bb_cf7_row\">\n\t\t<div class=\"bt_bb_cf7_element bt_bb_cf7_element_required\">\n\t\t\t<p><span class=\"wpcf7-form-control-wrap\" data-name=\"your-name\"><input size=\"40\" maxlength=\"400\" class=\"wpcf7-form-control wpcf7-text wpcf7-validates-as-required\" aria-required=\"true\" aria-invalid=\"false\" placeholder=\"Nombre y apellido\" value=\"\" type=\"text\" name=\"your-name\" \/><\/span>\n\t\t\t<\/p>\n\t\t<\/div>\n\t<\/div>\n\t<div class=\"bt_bb_cf7_row\">\n\t\t<div class=\"bt_bb_cf7_element bt_bb_cf7_element_required\">\n\t\t\t<p><span class=\"wpcf7-form-control-wrap\" data-name=\"company\"><input size=\"40\" maxlength=\"400\" class=\"wpcf7-form-control wpcf7-text wpcf7-validates-as-required\" aria-required=\"true\" aria-invalid=\"false\" placeholder=\"Nombre de empresa\" value=\"\" type=\"text\" name=\"company\" \/><\/span>\n\t\t\t<\/p>\n\t\t<\/div>\n\t<\/div>\n\t<div class=\"bt_bb_cf7_row\">\n\t\t<div class=\"bt_bb_cf7_element bt_bb_cf7_element_required\">\n\t\t\t<p><span class=\"wpcf7-form-control-wrap\" data-name=\"your-tel\"><input size=\"40\" maxlength=\"400\" class=\"wpcf7-form-control wpcf7-tel wpcf7-validates-as-required wpcf7-text wpcf7-validates-as-tel\" aria-required=\"true\" aria-invalid=\"false\" placeholder=\"Tel\u00e9fono\" value=\"\" type=\"tel\" name=\"your-tel\" \/><\/span>\n\t\t\t<\/p>\n\t\t<\/div>\n\t<\/div>\n\t<div class=\"bt_bb_cf7_row\">\n\t\t<div class=\"bt_bb_cf7_element bt_bb_cf7_element_required\">\n\t\t\t<p><span class=\"wpcf7-form-control-wrap\" data-name=\"your-email\"><input size=\"40\" maxlength=\"400\" class=\"wpcf7-form-control wpcf7-email wpcf7-validates-as-required wpcf7-text wpcf7-validates-as-email\" aria-required=\"true\" aria-invalid=\"false\" placeholder=\"Correo electr\u00f3nico de la empresa\" value=\"\" type=\"email\" name=\"your-email\" \/><\/span>\n\t\t\t<\/p>\n\t\t<\/div>\n\t<\/div>\n\t<div class=\"bt_bb_cf7_row\">\n\t\t<div class=\"bt_bb_cf7_element bt_bb_cf7_element_required\">\n\t\t\t<p><span class=\"wpcf7-form-control-wrap\" data-name=\"your-message\"><textarea cols=\"40\" rows=\"4\" maxlength=\"2000\" class=\"wpcf7-form-control wpcf7-textarea wpcf7-validates-as-required\" aria-required=\"true\" aria-invalid=\"false\" placeholder=\"\u00bfC\u00f3mo podemos ayudarte?\" name=\"your-message\"><\/textarea><\/span>\n\t\t\t<\/p>\n\t\t<\/div>\n\t<\/div>\n\t<div class=\"bt_bb_cf7_row\">\n\t\t<div class=\"bt_bb_cf7_element bt_bb_cf7_element_required\">\n\t\t\t<p><span class=\"wpcf7-form-control-wrap\" data-name=\"acceptance-808\"><span class=\"wpcf7-form-control wpcf7-acceptance\"><span class=\"wpcf7-list-item\"><label><input type=\"checkbox\" name=\"acceptance-808\" value=\"1\" aria-invalid=\"false\" \/><span class=\"wpcf7-list-item-label\">Doy mi consentimiento para el tratamiento de mis datos personales por parte de GBA POLSKA para las finalidades relacionadas con mi consulta contenida en el formulario, de acuerdo con las condiciones establecidas en la Pol\u00edtica de Privacidad de GBA POLSKA.<\/span><\/label><\/span><\/span><\/span>\n\t\t\t<\/p>\n\t\t<\/div>\n\t<\/div>\n\t<div class=\"bt_bb_cf7_row\">\n\t\t<div class=\"bt_bb_cf7_element\">\n\t\t\t<h6>Bolet\u00edn GBA POLSKA\n\t\t\t<\/h6>\n\t\t\t<p><span class=\"wpcf7-form-control-wrap\" data-name=\"acceptance-95\"><span class=\"wpcf7-form-control wpcf7-acceptance optional\"><span class=\"wpcf7-list-item\"><label><input type=\"checkbox\" name=\"acceptance-95\" value=\"1\" aria-invalid=\"false\" \/><span class=\"wpcf7-list-item-label\">Doy mi consentimiento para recibir informaci\u00f3n comercial de GBA POLSKA por v\u00eda electr\u00f3nica a la direcci\u00f3n de correo electr\u00f3nico anterior en forma de newsletter con novedades del sector y al tratamiento de mis datos personales con esta finalidad.<\/span><\/label><\/span><\/span><\/span>\n\t\t\t<\/p>\n\t\t<\/div>\n\t<\/div>\n\t<div class=\"bt_bb_cf7_button bt_bb_cf7_button_larger\">\n\t\t<p><input class=\"wpcf7-form-control wpcf7-submit has-spinner\" type=\"submit\" value=\"Enviar\" \/>\n\t\t<\/p>\n\t<\/div>\n<\/div><p style=\"display: none !important;\" class=\"akismet-fields-container\" data-prefix=\"_wpcf7_ak_\"><label>&#916;<textarea name=\"_wpcf7_ak_hp_textarea\" cols=\"45\" rows=\"8\" maxlength=\"100\"><\/textarea><\/label><input type=\"hidden\" id=\"ak_js_1\" name=\"_wpcf7_ak_js\" value=\"190\"\/><script>document.getElementById( \"ak_js_1\" ).setAttribute( \"value\", ( new Date() ).getTime() );<\/script><\/p><div class=\"wpcf7-response-output\" aria-hidden=\"true\"><\/div>\n<\/form>\n<\/div>\n<\/div><div class=\"bt_bb_separator bt_bb_border_style_none bt_bb_bottom_spacing_50\" data-bt-override-class=\"null\"><\/div><\/div><\/div><\/div><\/div><\/div><\/div><!-- cell_inner --><\/div><!-- cell --><\/div><!-- port --><\/section><section id=\"bt_bb_section69deac86afa8f\" class=\"bt_bb_section bt_bb_color_scheme_2 bt_bb_layout_boxed_1200 bt_bb_vertical_align_top bt_bb_bottom_spacing_large\" style=\"z-index: 1;; --section-primary-color:#000000; --section-secondary-color:#ffffff;\" data-bt-override-class=\"null\"><div class=\"bt_bb_port\"><div class=\"bt_bb_cell\"><div class=\"bt_bb_cell_inner\"><div class=\"bt_bb_row \"  data-bt-override-class=\"{}\"><div class=\"bt_bb_row_holder\" ><div  class=\"bt_bb_column col-xxl-12 col-xl-12 col-xs-12 col-sm-12 col-md-12 col-lg-12 bt_bb_vertical_align_top bt_bb_align_left bt_bb_padding_normal bt_bb_animation_fade_in zoom_out animate\" style=\"; --column-width:12;\" data-width=\"12\" data-bt-override-class=\"{}\"><div class=\"bt_bb_column_content\"><div class=\"bt_bb_column_content_inner\"><header class=\"bt_bb_headline bt_bb_dash_none bt_bb_size_normal bt_bb_align_inherit\" data-bt-override-class=\"null\"><h3><span class=\"bt_bb_headline_content\"><span>Espa\u00f1a<br \/><br \/>\n<\/span><\/span><\/h3><\/header><div class=\"bt_bb_separator bt_bb_border_style_none bt_bb_bottom_spacing_30\" data-bt-override-class=\"null\"><\/div><div class=\" bt_bb_row_inner\"   data-bt-override-class=\"{}\"><div class=\"bt_bb_row_inner_holder\"  ><div  class=\"bt_bb_column_inner col-xxl-4 col-xl-4 col-xs-12 col-sm-12 col-md-12 col-lg-4 bt_bb_vertical_align_top bt_bb_align_left bt_bb_padding_normal\"  data-width=\"4\" data-bt-override-class=\"{}\"><div class=\"bt_bb_column_inner_content\"><div class=\"bt_bb_column_inner_content_inner\"><div class=\"bt_bb_service bt_bb_color_scheme_16 bt_bb_style_filled bt_bb_size_normal bt_bb_shape_square bt_bb_target_self bt_bb_align_inherit bt_bb_font_weight_600 bt_bb_size_headline_medium\" style=\"; --primary-color:#fff; --secondary-color:#004787;\" data-bt-override-class=\"{&quot;bt_bb_size_&quot;:{&quot;current_class&quot;:&quot;bt_bb_size_normal&quot;,&quot;def&quot;:&quot;normal&quot;,&quot;xl&quot;:&quot;normal&quot;},&quot;bt_bb_align_&quot;:{&quot;current_class&quot;:&quot;bt_bb_align_inherit&quot;,&quot;def&quot;:&quot;inherit&quot;,&quot;xl&quot;:&quot;inherit&quot;}}\"><a href=\"https:\/\/www.google.com\/maps\/dir\/52.2846208,20.9289216\/GBA+POLSKA+Sp.+z+o.o.+Siedziba+Sp%C3%B3%C5%82ki,+Mochty%C5%84ska+65,+03-289+Warszawa\/@52.3204697,20.901239,12z\/data=!3m1!4b1!4m9!4m8!1m1!4e1!1m5!1m1!1s0x471ec9bc414c6f39:0xc7ca469b5b6fbe7!2m2!1d21.0383051!2d52.3527687?entry=ttu\"  target=\"_self\"   data-ico-amwerk=\"&#xe9bd;\" class=\"bt_bb_icon_holder\"><\/a><div class=\"bt_bb_service_content\"><div class=\"bt_bb_service_content_text\">Viladecans Business Park (Canada Building)<br \/><br \/>\nc\/ Tecnologia 17, planta 0<br \/><br \/>\n08840 Viladecans (Barcelona)<br \/><br \/>\n+34 605 17 10 37<\/div><\/div><\/div><div class=\"bt_bb_separator bt_bb_border_style_none bt_bb_bottom_spacing_60\" data-bt-override-class=\"null\"><\/div><\/div><\/div><\/div><div  class=\"bt_bb_column_inner col-xxl-4 col-xl-4 col-xs-12 col-sm-12 col-md-12 col-lg-4 bt_bb_vertical_align_top bt_bb_align_left bt_bb_padding_normal\"  data-width=\"4\" data-bt-override-class=\"{}\"><div class=\"bt_bb_column_inner_content\"><div class=\"bt_bb_column_inner_content_inner\"><\/div><\/div><\/div><div  class=\"bt_bb_column_inner col-xxl-4 col-xl-4 col-xs-12 col-sm-12 col-md-12 col-lg-4 bt_bb_vertical_align_top bt_bb_align_left bt_bb_padding_normal\"  data-width=\"4\" data-bt-override-class=\"{}\"><div class=\"bt_bb_column_inner_content\"><div class=\"bt_bb_column_inner_content_inner\"><\/div><\/div><\/div><\/div><\/div><div class=\"bt_bb_separator bt_bb_border_style_none bt_bb_bottom_spacing_30\" data-bt-override-class=\"null\"><\/div><header class=\"bt_bb_headline bt_bb_dash_none bt_bb_size_normal bt_bb_align_inherit\" data-bt-override-class=\"null\"><h3><span class=\"bt_bb_headline_content\"><span>Ubicaciones del Centro de Estudios de Cosm\u00e9ticos<\/span><\/span><\/h3><\/header><div class=\"bt_bb_separator bt_bb_border_style_none bt_bb_bottom_spacing_30\" data-bt-override-class=\"null\"><\/div><div class=\" bt_bb_row_inner\"   data-bt-override-class=\"{}\"><div class=\"bt_bb_row_inner_holder\"  ><div  class=\"bt_bb_column_inner col-xxl-4 col-xl-4 col-xs-12 col-sm-12 col-md-12 col-lg-4 bt_bb_vertical_align_top bt_bb_align_left bt_bb_padding_normal\"  data-width=\"4\" data-bt-override-class=\"{}\"><div class=\"bt_bb_column_inner_content\"><div class=\"bt_bb_column_inner_content_inner\"><div class=\"bt_bb_service bt_bb_color_scheme_16 bt_bb_style_filled bt_bb_size_normal bt_bb_shape_square bt_bb_target_self bt_bb_align_inherit bt_bb_font_weight_600 bt_bb_size_headline_medium\" style=\"; --primary-color:#fff; --secondary-color:#004787;\" data-bt-override-class=\"{&quot;bt_bb_size_&quot;:{&quot;current_class&quot;:&quot;bt_bb_size_normal&quot;,&quot;def&quot;:&quot;normal&quot;,&quot;xl&quot;:&quot;normal&quot;},&quot;bt_bb_align_&quot;:{&quot;current_class&quot;:&quot;bt_bb_align_inherit&quot;,&quot;def&quot;:&quot;inherit&quot;,&quot;xl&quot;:&quot;inherit&quot;}}\"><a href=\"https:\/\/www.google.com\/maps\/dir\/\/Leona+Wycz%C3%B3%C5%82kowskiego+3B,+82-300+Elbl%C4%85g\/@54.1511751,19.3498278,12z\/data=!4m8!4m7!1m0!1m5!1m1!1s0x46fd4df7da0e8b9b:0xa798340bd18a7a4!2m2!1d19.4322279!2d54.1512032?entry=ttu\"  target=\"_self\"   data-ico-amwerk=\"&#xe9bd;\" class=\"bt_bb_icon_holder\"><\/a><div class=\"bt_bb_service_content\"><div class=\"bt_bb_service_content_text\"><strong>Delegaci\u00f3n de la empresa en Elbl\u0105g<\/strong><br \/><br \/>\nul. Wycz\u00f3\u0142kowskiego 3B<br \/><br \/>\n82-300 Elbl\u0105g, Polonia<br \/><br \/>\n+48 532 459 637<br \/><br \/>\ncentrumbadanelblag@gba-polska.pl<\/div><\/div><\/div><div class=\"bt_bb_separator bt_bb_border_style_none bt_bb_bottom_spacing_60\" data-bt-override-class=\"null\"><\/div><\/div><\/div><\/div><div  class=\"bt_bb_column_inner col-xxl-4 col-xl-4 col-xs-12 col-sm-12 col-md-12 col-lg-4 bt_bb_vertical_align_top bt_bb_align_left bt_bb_padding_normal\"  data-width=\"4\" data-bt-override-class=\"{}\"><div class=\"bt_bb_column_inner_content\"><div class=\"bt_bb_column_inner_content_inner\"><div class=\"bt_bb_service bt_bb_color_scheme_6 bt_bb_style_filled bt_bb_size_normal bt_bb_shape_square bt_bb_target_self bt_bb_align_inherit bt_bb_font_weight_600 bt_bb_size_headline_medium\" style=\"; --primary-color:#ffffff; --secondary-color:#004787;\" data-bt-override-class=\"{&quot;bt_bb_size_&quot;:{&quot;current_class&quot;:&quot;bt_bb_size_normal&quot;,&quot;def&quot;:&quot;normal&quot;,&quot;xl&quot;:&quot;normal&quot;},&quot;bt_bb_align_&quot;:{&quot;current_class&quot;:&quot;bt_bb_align_inherit&quot;,&quot;def&quot;:&quot;inherit&quot;,&quot;xl&quot;:&quot;inherit&quot;}}\"><a href=\"https:\/\/www.google.com\/maps\/dir\/\/aleja+Jana+Paw%C5%82a+II+3B%2FU6,+80-462+Gda%C5%84sk\/@54.3969217,18.5214169,12z\/data=!4m8!4m7!1m0!1m5!1m1!1s0x46fd75a62b2d24c3:0x1053417528ff29c4!2m2!1d18.6038169!2d54.3969497?entry=ttu\"  target=\"_self\"   data-ico-amwerk=\"&#xe9bd;\" class=\"bt_bb_icon_holder\"><\/a><div class=\"bt_bb_service_content\"><div class=\"bt_bb_service_content_text\"><strong>Delegaci\u00f3n de la empresa en Gda\u0144sk<\/strong><br \/><br \/>\nal. Jana Paw\u0142a II 3B\/U6<br \/><br \/>\n80-462 Gda\u0144sk, Polonia<br \/><br \/>\n+48 532 459 632<br \/><br \/>\ncentrumbadangdansk@gba-polska.pl<\/div><\/div><\/div><div class=\"bt_bb_separator bt_bb_border_style_none bt_bb_bottom_spacing_60\" data-bt-override-class=\"null\"><\/div><\/div><\/div><\/div><div  class=\"bt_bb_column_inner col-xxl-4 col-xl-4 col-xs-12 col-sm-12 col-md-12 col-lg-4 bt_bb_vertical_align_top bt_bb_align_left bt_bb_padding_normal\"  data-width=\"4\" data-bt-override-class=\"{}\"><div class=\"bt_bb_column_inner_content\"><div class=\"bt_bb_column_inner_content_inner\"><div class=\"bt_bb_service bt_bb_color_scheme_6 bt_bb_style_filled bt_bb_size_normal bt_bb_shape_square bt_bb_target_self bt_bb_align_inherit bt_bb_font_weight_600 bt_bb_size_headline_medium\" style=\"; --primary-color:#ffffff; --secondary-color:#004787;\" data-bt-override-class=\"{&quot;bt_bb_size_&quot;:{&quot;current_class&quot;:&quot;bt_bb_size_normal&quot;,&quot;def&quot;:&quot;normal&quot;,&quot;xl&quot;:&quot;normal&quot;},&quot;bt_bb_align_&quot;:{&quot;current_class&quot;:&quot;bt_bb_align_inherit&quot;,&quot;def&quot;:&quot;inherit&quot;,&quot;xl&quot;:&quot;inherit&quot;}}\"><a href=\"https:\/\/www.google.com\/maps\/dir\/\/Z%C4%85bkowska+18,+03-735+Warszawa\/@52.2533535,20.9585982,12z\/data=!4m8!4m7!1m0!1m5!1m1!1s0x471ecd414f79fbdd:0xe628579f09d94ce9!2m2!1d21.0409984!2d52.2533822?entry=ttu\"  target=\"_self\"   data-ico-amwerk=\"&#xe9bd;\" class=\"bt_bb_icon_holder\"><\/a><div class=\"bt_bb_service_content\"><div class=\"bt_bb_service_content_text\"><strong>Delegaci\u00f3n de la empresa en Varsovia<\/strong><br \/><br \/>\nul. Z\u0105bkowska 18<br \/><br \/>\n03-735 Varsovia, Polonia<br \/><br \/>\n+48 880 907 665<br \/><br \/>\ncentrumbadan@gba-polska.pl<\/div><\/div><\/div><div class=\"bt_bb_separator bt_bb_border_style_none bt_bb_bottom_spacing_60\" data-bt-override-class=\"null\"><\/div><\/div><\/div><\/div><\/div><\/div><div class=\"bt_bb_separator bt_bb_border_style_none bt_bb_bottom_spacing_100 bt_bb_hidden_md bt_bb_hidden_lg\" data-bt-override-class=\"null\"><\/div><\/div><\/div><\/div><\/div><\/div><\/div><!-- cell_inner --><\/div><!-- cell --><\/div><!-- port --><\/section><\/p>\n","protected":false},"excerpt":{"rendered":"<p>Appropriately empower dynamic leadership skills after business portals. Globally myocardinate interactive supply chains with distinctive quality vectors. Globally revolutionize global sources through interoperable services.<\/p>\n","protected":false},"author":1,"featured_media":12104,"parent":0,"menu_order":0,"comment_status":"closed","ping_status":"closed","template":"","meta":{"inline_featured_image":false,"footnotes":""},"class_list":["post-12228","page","type-page","status-publish","has-post-thumbnail","hentry"],"_links":{"self":[{"href":"https:\/\/www.gba-polska.pl\/es\/wp-json\/wp\/v2\/pages\/12228","targetHints":{"allow":["GET"]}}],"collection":[{"href":"https:\/\/www.gba-polska.pl\/es\/wp-json\/wp\/v2\/pages"}],"about":[{"href":"https:\/\/www.gba-polska.pl\/es\/wp-json\/wp\/v2\/types\/page"}],"author":[{"embeddable":true,"href":"https:\/\/www.gba-polska.pl\/es\/wp-json\/wp\/v2\/users\/1"}],"replies":[{"embeddable":true,"href":"https:\/\/www.gba-polska.pl\/es\/wp-json\/wp\/v2\/comments?post=12228"}],"version-history":[{"count":8,"href":"https:\/\/www.gba-polska.pl\/es\/wp-json\/wp\/v2\/pages\/12228\/revisions"}],"predecessor-version":[{"id":12242,"href":"https:\/\/www.gba-polska.pl\/es\/wp-json\/wp\/v2\/pages\/12228\/revisions\/12242"}],"wp:featuredmedia":[{"embeddable":true,"href":"https:\/\/www.gba-polska.pl\/es\/wp-json\/wp\/v2\/media\/12104"}],"wp:attachment":[{"href":"https:\/\/www.gba-polska.pl\/es\/wp-json\/wp\/v2\/media?parent=12228"}],"curies":[{"name":"wp","href":"https:\/\/api.w.org\/{rel}","templated":true}]}}