{"id":12023,"date":"2021-12-22T11:37:15","date_gmt":"2021-12-22T10:37:15","guid":{"rendered":"https:\/\/www.gba-polska.pl\/productos-cosmeticos\/badania-technologiczno-fizykochemiczne\/"},"modified":"2024-11-18T16:46:45","modified_gmt":"2024-11-18T15:46:45","slug":"estudios-fisicoquimicos","status":"publish","type":"page","link":"https:\/\/www.gba-polska.pl\/es\/productos-cosmeticos\/estudios-fisicoquimicos\/","title":{"rendered":"Estudios fisicoqu\u00edmicos"},"content":{"rendered":"<p><section id=\"bt_bb_section69ef4882f16e5\" class=\"bt_bb_section bt_bb_color_scheme_11 bt_bb_layout_boxed_1200 bt_bb_vertical_align_top bt_bb_background_overlay_dark_solid bt_bb_top_spacing_extra_large bt_bb_bottom_spacing_large bt-dark-skin\" style=\"; --section-primary-color:#ffffff; --section-secondary-color:#181818;\" data-bt-override-class=\"null\"><div class=\"bt_bb_background_image_holder_wrapper\"><div class=\"bt_bb_background_image_holder btLazyLoadBackground\"  data-background_image_src=\"https:\/\/www.gba-polska.pl\/wp-content\/uploads\/2021\/12\/20211214_GBA_Polska_Slider_v3-1.jpg\" data-parallax-zoom-start=\"1\" data-parallax-zoom-end=\"1\" data-parallax-blur-start=\"0\" data-parallax-blur-end=\"0\" data-parallax-opacity-start=\"1\" data-parallax-opacity-end=\"1\" style=\" background-image: url(&#039;https:\/\/www.gba-polska.pl\/wp-content\/plugins\/bold-page-builder\/img\/blank.gif&#039;);\"><\/div><\/div><div class=\"bt_bb_port\"><div class=\"bt_bb_cell\"><div class=\"bt_bb_cell_inner\"><div class=\"bt_bb_row \"  data-bt-override-class=\"{}\"><div class=\"bt_bb_row_holder\" ><div  class=\"bt_bb_column col-xxl-6 col-xl-6 bt_bb_vertical_align_top bt_bb_align_left bt_bb_padding_normal bt_bb_animation_fade_in zoom_out animate\" style=\"; --column-width:6;\" data-width=\"6\" data-bt-override-class=\"{}\"><div class=\"bt_bb_column_content\"><div class=\"bt_bb_column_content_inner\"><header class=\"bt_bb_headline bt_bb_dash_top bt_bb_superheadline bt_bb_size_large bt_bb_align_inherit\" data-bt-override-class=\"null\"><h1><span class=\"bt_bb_headline_superheadline\"><span>Pruebas de seguridad<\/span><\/span><span class=\"bt_bb_headline_content\"><span>Estudios fisicoqu\u00edmicos<span class=\"bt_bb_outline_text bt_bb_outline_text_align_left bt_bb_outline_text_size_400\"><span>Badania<\/span><\/span><\/span><\/span><\/h1><\/header><div class=\"bt_bb_separator bt_bb_border_style_none bt_bb_bottom_spacing_60\" data-bt-override-class=\"null\"><\/div><\/div><\/div><\/div><div  class=\"bt_bb_column col-xxl-6 col-xl-6 bt_bb_vertical_align_top bt_bb_align_right bt_bb_padding_40 bt_bb_animation_fade_in zoom_out animate\" style=\"; --column-width:6;\" data-width=\"6\" data-bt-override-class=\"{}\"><div class=\"bt_bb_column_content\"><div class=\"bt_bb_column_content_inner\"><\/div><\/div><\/div><\/div><\/div><\/div><!-- cell_inner --><\/div><!-- cell --><\/div><!-- port --><\/section><section id=\"bt_bb_section69ef4882f2475\" class=\"bt_bb_section bt_bb_layout_wide bt_bb_vertical_align_top bt_bb_top_spacing_large bt_bb_bottom_spacing_large\" style=\"z-index: 1;\" data-bt-override-class=\"null\"><div class=\"bt_bb_port\"><div class=\"bt_bb_cell\"><div class=\"bt_bb_cell_inner\"><div class=\"bt_bb_row bt_bb_row_push_left bt_bb_content_wide bt_bb_row_width_boxed_1200 bt_bb_row_width_boxed  bt_bb_column_gap_30\" style=\"; --column-gap:30px;\" data-bt-override-class=\"{}\"><div class=\"bt_bb_row_holder\" ><div  class=\"bt_bb_column col-xxl-5 col-xl-5 bt_bb_vertical_align_bottom bt_bb_align_left bt_bb_padding_normal bt_bb_animation_fade_in animate bt_bb_hidden_xs bt_bb_hidden_ms bt_bb_hidden_sm\" style=\"position: relative;; --column-width:5;\" data-width=\"5\" data-bt-override-class=\"{&quot;bt_bb_align_&quot;:{&quot;current_class&quot;:&quot;bt_bb_align_left&quot;,&quot;def&quot;:&quot;left&quot;,&quot;xl&quot;:&quot;left&quot;}}\"><div class=\"bt_bb_column_content\"><div class=\"bt_bb_column_content_inner\"><div class=\"bt_bb_image bt_bb_shape_square bt_bb_align_inherit bt_bb_hover_style_simple bt_bb_content_display_always bt_bb_content_align_bottom bt_bb_remove_padding_40 bt_bb_fill_background_color_match_content_height\" style=\"max-width: 650px; float: right;\" data-bt-override-class=\"null\"><span><img src = \"https:\/\/www.gba-polska.pl\/wp-content\/plugins\/bold-page-builder\/img\/blank.gif\" data-full_image_src=\"https:\/\/www.gba-polska.pl\/wp-content\/uploads\/2021\/12\/kosmetyki-badania-technologiczno-fizykochemiczne-1.jpg\" data-image_src=\"https:\/\/www.gba-polska.pl\/wp-content\/uploads\/2021\/12\/kosmetyki-badania-technologiczno-fizykochemiczne-1.jpg\" title=\"Badania kosmetyk\u00f3w - badania technologiczno-fizykochemiczne\" alt=\"Badania kosmetyk\u00f3w - badania technologiczno-fizykochemiczne\" class=\"btLazyLoadImage\"><\/span><\/div><div class=\"bt_bb_floating_element bt_bb_floating_element_horizontal_position_right bt_bb_floating_element_vertical_position_top bt_bb_floating_element_animation_delay_default bt_bb_floating_element_animation_duration_default bt_bb_floating_element_animation_style_ease_out\" style=\"margin-right: -1em; margin-top: -3em; mix-blend-mode: multiply;\" data-speed=\"0\"><div class=\"bt_bb_floating_element_html\" data-speed=\"0\"><span  style=\"width: 6em; height: 6em; box-shadow: 0 0 0 4px #F1F1F1 inset;\"><\/span><\/div><\/div><div class=\"bt_bb_separator bt_bb_border_style_none bt_bb_bottom_spacing_60 bt_bb_hidden_md bt_bb_hidden_lg\" data-bt-override-class=\"null\"><\/div><\/div><\/div><\/div><div  class=\"bt_bb_column col-xxl-7 col-xl-7 bt_bb_vertical_align_middle bt_bb_align_left bt_bb_padding_normal bt_bb_animation_fade_in animate\" style=\"; --column-width:7;\" data-width=\"7\" data-bt-override-class=\"{}\"><div class=\"bt_bb_column_content\"><div class=\"bt_bb_column_content_inner\"><div class=\" bt_bb_row_inner\"   data-bt-override-class=\"{}\"><div class=\"bt_bb_row_inner_holder\"  ><div  class=\"bt_bb_column_inner col-xxl-12 col-xl-12 col-xs-12 col-sm-12 col-md-12 col-lg-12 bt_bb_vertical_align_top bt_bb_align_left bt_bb_padding_normal\"  data-width=\"12\" data-bt-override-class=\"{}\"><div class=\"bt_bb_column_inner_content\"><div class=\"bt_bb_column_inner_content_inner\"><div  class=\"bt_bb_text\" ><\/p>\n<p>Las pruebas fisicoqu\u00edmicas de los cosm\u00e9ticos, como la medici\u00f3n de densidad, pH, viscosidad y materia seca, son claves para determinar los par\u00e1metros t\u00e9cnicos del producto. Adem\u00e1s, estos an\u00e1lisis precisos permiten el desarrollo de especificaciones t\u00e9cnicas detalladas y la verificaci\u00f3n de la estabilidad de la f\u00f3rmula, lo cual es crucial para la calidad y seguridad del producto cosm\u00e9tico terminado.<\/p>\n<p>Las pruebas fisicoqu\u00edmicas de los cosm\u00e9ticos, como la medici\u00f3n de densidad, pH, viscosidad y materia seca, son claves para determinar los par\u00e1metros t\u00e9cnicos del producto. Estos an\u00e1lisis precisos permiten el desarrollo de especificaciones t\u00e9cnicas detalladas y la verificaci\u00f3n de la estabilidad de la f\u00f3rmula, lo cual es crucial para la calidad y seguridad del producto cosm\u00e9tico terminado.<\/p>\n<p>Las propiedades fisicoqu\u00edmicas del producto permiten predecir su durabilidad en el tiempo. La evaluaci\u00f3n de la estabilidad de un cosm\u00e9tico es extremadamente importante, especialmente en el contexto del almacenamiento a largo plazo y del impacto del envase. La interacci\u00f3n de la f\u00f3rmula cosm\u00e9tica con el envase puede afectar significativamente la calidad y durabilidad del producto, especialmente cuando se expone a diversas condiciones ambientales, como cambios de temperatura o humedad.<\/p>\n<p>La realizaci\u00f3n de pruebas fisicoqu\u00edmicas integrales permite tambi\u00e9n optimizar el proceso productivo, lo que se traduce en reducci\u00f3n de costos y aumento de eficiencia. Esto es importante no s\u00f3lo para los departamentos de I+D, sino tambi\u00e9n para la producci\u00f3n, el control de calidad y el marketing. Los resultados de esta investigaci\u00f3n constituyen una base s\u00f3lida para crear productos innovadores que satisfagan las expectativas incluso de los consumidores m\u00e1s exigentes. Comprender y utilizar los resultados de los estudios fisicoqu\u00edmicos es garant\u00eda del \u00e9xito de toda f\u00f3rmula cosm\u00e9tica. Gracias a ellos, el cosm\u00e9tico no s\u00f3lo es visual- y olfativamente atractivo, sino sobre todo estable, seguro y eficaz.<\/p>\n<p>\n<\/div><div class=\"bt_bb_separator bt_bb_border_style_none bt_bb_bottom_spacing_20 bt_bb_hidden_md bt_bb_hidden_lg\" data-bt-override-class=\"null\"><\/div><\/div><\/div><\/div><\/div><\/div><div class=\" bt_bb_row_inner\"   data-bt-override-class=\"{}\"><div class=\"bt_bb_row_inner_holder\"  ><div  class=\"bt_bb_column_inner col-xxl-12 col-xl-12 col-xs-12 col-sm-12 col-md-12 col-lg-12 bt_bb_vertical_align_top bt_bb_align_left bt_bb_padding_normal\" style=\"position: relative;\" data-width=\"12\" data-bt-override-class=\"{}\"><div class=\"bt_bb_column_inner_content\"><div class=\"bt_bb_column_inner_content_inner\"><div class=\"bt_bb_separator bt_bb_border_style_none bt_bb_bottom_spacing_30\" data-bt-override-class=\"null\"><\/div><header class=\"bt_bb_headline bt_bb_font_weight_600 bt_bb_dash_none bt_bb_subheadline bt_bb_size_normal bt_bb_align_inherit\" data-bt-override-class=\"null\"><h4><span class=\"bt_bb_headline_content\"><span>Pruebas fisicoqu\u00edmicas:<\/span><\/span><\/h4><div class=\"bt_bb_headline_subheadline\"> <\/div><\/header><div class=\"bt_bb_separator bt_bb_border_style_none bt_bb_bottom_spacing_30\" data-bt-override-class=\"null\"><\/div><div  class=\"bt_bb_text\" ><\/p>\n<ul>\n<li>pH, densidad, viscosidad, contenido de materia seca, cloruros, materia org\u00e1nica seca, \u00edndice de acidez, \u00edndice de per\u00f3xidos, contenido de formaldeh\u00eddo, conservantes como parabenos, fenoxietanol, \u00e1cido benzoico, \u00e1cido s\u00f3rbico<\/li>\n<li>peso y volumen neto, dimensiones (largo, ancho, alto, di\u00e1metro, espesor)<\/li>\n<li>determinaci\u00f3n de:<\/li>\n<\/ul>\n<p>\u2013 retenci\u00f3n del superabsorbente y capacidad absorbente en productos de higiene<\/p>\n<p>\u2013 tiempo total de absorci\u00f3n, l\u00edmite de mojado y llenado del inserto absorbente en pa\u00f1ales desechables<\/p>\n<ul>\n<li>evaluaci\u00f3n del contenido de:<\/li>\n<\/ul>\n<p>\u2013 sustancias activas ani\u00f3nicas\/cati\u00f3nicas<\/p>\n<p>\u2013 sustancias activas no i\u00f3nicas<\/p>\n<p>\u2013 per\u00f3xido de hidr\u00f3geno, \u00f3xido de f\u00f3sforo (fosfatos) y \u00e1cido c\u00edtrico<\/p>\n<p>\u2013 al\u00e9rgenos siguiendo el listado completo indicado en el Reglamento (UE) 2023\/1545 de la Comisi\u00f3n<\/p>\n<p>\u2013 metales pesados, como As, Cd, Pb, Hg, Cr, Ni, Sb y otros<\/p>\n<p>\n<\/div><div class=\"bt_bb_separator bt_bb_border_style_none bt_bb_bottom_spacing_20 bt_bb_hidden_md bt_bb_hidden_lg\" data-bt-override-class=\"null\"><\/div><\/div><\/div><\/div><\/div><\/div><\/div><\/div><\/div><\/div><\/div><\/div><!-- cell_inner --><\/div><!-- cell --><\/div><!-- port --><\/section><section id=\"bt_bb_section69ef488300d79\" class=\"bt_bb_section bt_bb_color_scheme_1 bt_bb_layout_boxed_1200 bt_bb_vertical_align_top bt_bb_top_spacing_medium bt_bb_bottom_spacing_medium\" style=\"; --section-primary-color:#ffffff; --section-secondary-color:#000000;;background-color:rgb(108,118,178);\" data-bt-override-class=\"null\"><div class=\"bt_bb_port\"><div class=\"bt_bb_cell\"><div class=\"bt_bb_cell_inner\"><div class=\"bt_bb_row \"  data-bt-override-class=\"{}\"><div class=\"bt_bb_row_holder\" ><div  class=\"bt_bb_column col-xxl-8 col-xl-8 col-xs-12 col-sm-12 col-md-12 col-lg-8 bt_bb_vertical_align_top bt_bb_align_left bt_bb_padding_normal\" style=\"; --column-width:8;\" data-width=\"8\" data-bt-override-class=\"{&quot;bt_bb_align_&quot;:{&quot;current_class&quot;:&quot;bt_bb_align_left&quot;,&quot;def&quot;:&quot;left&quot;,&quot;xl&quot;:&quot;left&quot;}}\"><div class=\"bt_bb_column_content\"><div class=\"bt_bb_column_content_inner\"><header class=\"bt_bb_headline bt_bb_color_scheme_1 bt_bb_dash_none bt_bb_superheadline bt_bb_size_medium bt_bb_align_inherit\" style=\"; --headline-primary-color:#ffffff; --headline-secondary-color:#000000;\" data-bt-override-class=\"null\"><h2><span class=\"bt_bb_headline_superheadline\"><span>FORMULARIO DE CONTACTO<\/span><\/span><span class=\"bt_bb_headline_content\"><span>Estudios fisicoqu\u00edmicos<\/span><\/span><\/h2><\/header><div class=\"bt_bb_separator bt_bb_border_style_none bt_bb_bottom_spacing_25\" data-bt-override-class=\"null\"><\/div><div  class=\"bt_bb_text\" ><\/p>\n<p>\u00bfTiene alguna pregunta? \u00bfNecesita una oferta individual?<br \/>\nUtilice el formulario de contacto. Le responderemos lo antes posible.<\/p>\n<p>\n<\/div><div class=\"bt_bb_separator bt_bb_border_style_none bt_bb_bottom_spacing_25\" data-bt-override-class=\"null\"><\/div><\/div><\/div><\/div><div  class=\"bt_bb_column col-xxl-4 col-xl-4 col-xs-12 col-sm-12 col-md-12 col-lg-4 bt_bb_vertical_align_middle bt_bb_align_left bt_bb_padding_normal\" style=\"; --column-width:4;\" data-width=\"4\" data-bt-override-class=\"{&quot;bt_bb_align_&quot;:{&quot;current_class&quot;:&quot;bt_bb_align_left&quot;,&quot;def&quot;:&quot;left&quot;,&quot;xl&quot;:&quot;left&quot;}}\"><div class=\"bt_bb_column_content\"><div class=\"bt_bb_column_content_inner\"><div class=\"bt_bb_button bt_bb_color_scheme_6 bt_bb_icon_position_left bt_bb_style_outline bt_bb_size_normal bt_bb_width_inline bt_bb_shape_inherit bt_bb_target_self bt_bb_align_inherit\" style=\"; --primary-color:#ffffff; --secondary-color:#004787;\" data-bt-override-class=\"{&quot;bt_bb_size_&quot;:{&quot;current_class&quot;:&quot;bt_bb_size_normal&quot;,&quot;def&quot;:&quot;normal&quot;,&quot;xl&quot;:&quot;normal&quot;},&quot;bt_bb_align_&quot;:{&quot;current_class&quot;:&quot;bt_bb_align_inherit&quot;,&quot;def&quot;:&quot;inherit&quot;,&quot;xl&quot;:&quot;inherit&quot;}}\"><a href=\"\/kontakt\/\" target=\"_self\" class=\"bt_bb_link\" title=\"P\u00f3ngase en contacto con nosotros\"><span class=\"bt_bb_button_text\" >P\u00f3ngase en contacto con nosotros<\/span><\/a><\/div><\/div><\/div><\/div><\/div><\/div><\/div><!-- cell_inner --><\/div><!-- cell --><\/div><!-- port --><\/section><\/p>\n","protected":false},"excerpt":{"rendered":"","protected":false},"author":1,"featured_media":12025,"parent":11937,"menu_order":0,"comment_status":"closed","ping_status":"closed","template":"","meta":{"inline_featured_image":false,"footnotes":""},"class_list":["post-12023","page","type-page","status-publish","has-post-thumbnail","hentry"],"_links":{"self":[{"href":"https:\/\/www.gba-polska.pl\/es\/wp-json\/wp\/v2\/pages\/12023","targetHints":{"allow":["GET"]}}],"collection":[{"href":"https:\/\/www.gba-polska.pl\/es\/wp-json\/wp\/v2\/pages"}],"about":[{"href":"https:\/\/www.gba-polska.pl\/es\/wp-json\/wp\/v2\/types\/page"}],"author":[{"embeddable":true,"href":"https:\/\/www.gba-polska.pl\/es\/wp-json\/wp\/v2\/users\/1"}],"replies":[{"embeddable":true,"href":"https:\/\/www.gba-polska.pl\/es\/wp-json\/wp\/v2\/comments?post=12023"}],"version-history":[{"count":3,"href":"https:\/\/www.gba-polska.pl\/es\/wp-json\/wp\/v2\/pages\/12023\/revisions"}],"predecessor-version":[{"id":12028,"href":"https:\/\/www.gba-polska.pl\/es\/wp-json\/wp\/v2\/pages\/12023\/revisions\/12028"}],"up":[{"embeddable":true,"href":"https:\/\/www.gba-polska.pl\/es\/wp-json\/wp\/v2\/pages\/11937"}],"wp:featuredmedia":[{"embeddable":true,"href":"https:\/\/www.gba-polska.pl\/es\/wp-json\/wp\/v2\/media\/12025"}],"wp:attachment":[{"href":"https:\/\/www.gba-polska.pl\/es\/wp-json\/wp\/v2\/media?parent=12023"}],"curies":[{"name":"wp","href":"https:\/\/api.w.org\/{rel}","templated":true}]}}