{"id":11994,"date":"2021-12-22T11:49:58","date_gmt":"2021-12-22T10:49:58","guid":{"rendered":"https:\/\/www.gba-polska.pl\/productos-cosmeticos\/badania-dermatologiczne-patch-tests\/"},"modified":"2024-11-18T11:06:26","modified_gmt":"2024-11-18T10:06:26","slug":"pruebas-dermatologicas-patch-test","status":"publish","type":"page","link":"https:\/\/www.gba-polska.pl\/es\/productos-cosmeticos\/pruebas-dermatologicas-patch-test\/","title":{"rendered":"Pruebas dermatol\u00f3gicas (pruebas de parche Patch Test)"},"content":{"rendered":"<p><section id=\"bt_bb_section69de2548b99d2\" class=\"bt_bb_section bt_bb_color_scheme_11 bt_bb_layout_boxed_1200 bt_bb_vertical_align_top bt_bb_background_overlay_dark_solid bt_bb_top_spacing_extra_large bt_bb_bottom_spacing_large bt-dark-skin\" style=\"; --section-primary-color:#ffffff; --section-secondary-color:#181818;\" data-bt-override-class=\"null\"><div class=\"bt_bb_background_image_holder_wrapper\"><div class=\"bt_bb_background_image_holder btLazyLoadBackground\"  data-background_image_src=\"https:\/\/www.gba-polska.pl\/wp-content\/uploads\/2021\/12\/20211214_GBA_Polska_Slider_v3-1.jpg\" data-parallax-zoom-start=\"1\" data-parallax-zoom-end=\"1\" data-parallax-blur-start=\"0\" data-parallax-blur-end=\"0\" data-parallax-opacity-start=\"1\" data-parallax-opacity-end=\"1\" style=\" background-image: url(&#039;https:\/\/www.gba-polska.pl\/wp-content\/plugins\/bold-page-builder\/img\/blank.gif&#039;);\"><\/div><\/div><div class=\"bt_bb_port\"><div class=\"bt_bb_cell\"><div class=\"bt_bb_cell_inner\"><div class=\"bt_bb_row \"  data-bt-override-class=\"{}\"><div class=\"bt_bb_row_holder\" ><div  class=\"bt_bb_column col-xxl-6 col-xl-6 bt_bb_vertical_align_top bt_bb_align_left bt_bb_padding_normal bt_bb_animation_fade_in zoom_out animate\" style=\"; --column-width:6;\" data-width=\"6\" data-bt-override-class=\"{}\"><div class=\"bt_bb_column_content\"><div class=\"bt_bb_column_content_inner\"><header class=\"bt_bb_headline bt_bb_dash_top bt_bb_superheadline bt_bb_size_large bt_bb_align_inherit\" data-bt-override-class=\"null\"><h1><span class=\"bt_bb_headline_superheadline\"><span>Pruebas de seguridad<\/span><\/span><span class=\"bt_bb_headline_content\"><span>Pruebas dermatol\u00f3gicas (pruebas de parche Patch Test)<span class=\"bt_bb_outline_text bt_bb_outline_text_align_left bt_bb_outline_text_size_400\"><span>Badania<\/span><\/span><\/span><\/span><\/h1><\/header><div class=\"bt_bb_separator bt_bb_border_style_none bt_bb_bottom_spacing_60\" data-bt-override-class=\"null\"><\/div><\/div><\/div><\/div><div  class=\"bt_bb_column col-xxl-6 col-xl-6 bt_bb_vertical_align_top bt_bb_align_right bt_bb_padding_40 bt_bb_animation_fade_in zoom_out animate\" style=\"; --column-width:6;\" data-width=\"6\" data-bt-override-class=\"{}\"><div class=\"bt_bb_column_content\"><div class=\"bt_bb_column_content_inner\"><\/div><\/div><\/div><\/div><\/div><\/div><!-- cell_inner --><\/div><!-- cell --><\/div><!-- port --><\/section><section id=\"bt_bb_section69de2548bab55\" class=\"bt_bb_section bt_bb_layout_wide bt_bb_vertical_align_top bt_bb_top_spacing_large bt_bb_bottom_spacing_large\" style=\"z-index: 1;\" data-bt-override-class=\"null\"><div class=\"bt_bb_port\"><div class=\"bt_bb_cell\"><div class=\"bt_bb_cell_inner\"><div class=\"bt_bb_row bt_bb_row_push_left bt_bb_content_wide bt_bb_row_width_boxed_1200 bt_bb_row_width_boxed  bt_bb_column_gap_30\" style=\"; --column-gap:30px;\" data-bt-override-class=\"{}\"><div class=\"bt_bb_row_holder\" ><div  class=\"bt_bb_column col-xxl-5 col-xl-5 bt_bb_vertical_align_bottom bt_bb_align_left bt_bb_padding_normal bt_bb_animation_fade_in animate bt_bb_hidden_xs bt_bb_hidden_ms bt_bb_hidden_sm\" style=\"position: relative;; --column-width:5;\" data-width=\"5\" data-bt-override-class=\"{&quot;bt_bb_align_&quot;:{&quot;current_class&quot;:&quot;bt_bb_align_left&quot;,&quot;def&quot;:&quot;left&quot;,&quot;xl&quot;:&quot;left&quot;}}\"><div class=\"bt_bb_column_content\"><div class=\"bt_bb_column_content_inner\"><div class=\"bt_bb_image bt_bb_shape_square bt_bb_align_inherit bt_bb_hover_style_simple bt_bb_content_display_always bt_bb_content_align_bottom bt_bb_remove_padding_40 bt_bb_fill_background_color_match_content_height\" style=\"max-width: 650px; float: right;\" data-bt-override-class=\"null\"><span><img src = \"https:\/\/www.gba-polska.pl\/wp-content\/plugins\/bold-page-builder\/img\/blank.gif\" data-full_image_src=\"https:\/\/www.gba-polska.pl\/wp-content\/uploads\/2021\/12\/kosmetyki-badania-dermatologiczne-1.jpg\" data-image_src=\"https:\/\/www.gba-polska.pl\/wp-content\/uploads\/2021\/12\/kosmetyki-badania-dermatologiczne-1.jpg\" title=\"Badania kosmetyk\u00f3w - badania dermatologiczne\" alt=\"Badania kosmetyk\u00f3w - badania dermatologiczne\" class=\"btLazyLoadImage\"><\/span><\/div><div class=\"bt_bb_floating_element bt_bb_floating_element_horizontal_position_right bt_bb_floating_element_vertical_position_top bt_bb_floating_element_animation_delay_default bt_bb_floating_element_animation_duration_default bt_bb_floating_element_animation_style_ease_out\" style=\"margin-right: -1em; margin-top: -3em; mix-blend-mode: multiply;\" data-speed=\"0\"><div class=\"bt_bb_floating_element_html\" data-speed=\"0\"><span  style=\"width: 6em; height: 6em; box-shadow: 0 0 0 4px #F1F1F1 inset;\"><\/span><\/div><\/div><div class=\"bt_bb_separator bt_bb_border_style_none bt_bb_bottom_spacing_60 bt_bb_hidden_md bt_bb_hidden_lg\" data-bt-override-class=\"null\"><\/div><\/div><\/div><\/div><div  class=\"bt_bb_column col-xxl-7 col-xl-7 bt_bb_vertical_align_middle bt_bb_align_left bt_bb_padding_normal bt_bb_animation_fade_in animate\" style=\"; --column-width:7;\" data-width=\"7\" data-bt-override-class=\"{}\"><div class=\"bt_bb_column_content\"><div class=\"bt_bb_column_content_inner\"><div class=\" bt_bb_row_inner\"   data-bt-override-class=\"{}\"><div class=\"bt_bb_row_inner_holder\"  ><div  class=\"bt_bb_column_inner col-xxl-12 col-xl-12 col-xs-12 col-sm-12 col-md-12 col-lg-12 bt_bb_vertical_align_top bt_bb_align_left bt_bb_padding_normal\"  data-width=\"12\" data-bt-override-class=\"{}\"><div class=\"bt_bb_column_inner_content\"><div class=\"bt_bb_column_inner_content_inner\"><div  class=\"bt_bb_text\" ><\/p>\n<p>Las pruebas dermatol\u00f3gicas, conocidas como pruebas de parche, son cruciales para evaluar la seguridad de los cosm\u00e9ticos. Se realizan tanto sobre los ingredientes cosm\u00e9ticos individuales, como sobre la f\u00f3rmula del producto final para comprobar si no provocan alergias de contacto. Gracias a esto, los fabricantes pueden asegurarse de que el cosm\u00e9tico sea seguro para la piel y no cause irritaci\u00f3n. Esto es importante tanto para los consumidores que quieren evitar reacciones cut\u00e1neas, como para los fabricantes que garantizan que se cumplan los m\u00e1s altos est\u00e1ndares de seguridad.<\/p>\n<p>La prueba del parche consiste en aplicar peque\u00f1as cantidades del cosm\u00e9tico en la piel de los voluntarios que participan en el estudio. Normalmente, la prueba se realiza en la parte interior del antebrazo o en la espalda, donde la piel es delicada y m\u00e1s susceptible a reacciones. Se monitorea la piel durante 48 a 72 horas para detectar signos de alergia de contacto, como enrojecimiento, picaz\u00f3n, hinchaz\u00f3n o sarpullido. Esto permite determinar con precisi\u00f3n si el producto provoca reacciones cut\u00e1neas.<\/p>\n<p>Las pruebas dermatol\u00f3gicas aportan muchos beneficios a los fabricantes. Un resultado positivo de la prueba del parche confirma que el cosm\u00e9tico cumple con los requisitos de seguridad y cumple con las normas aplicables.<\/p>\n<p>Estas pruebas se llevan a cabo en diversos productos cosm\u00e9ticos, como cremas faciales, lociones corporales, champ\u00fas, acondicionadores, productos de maquillaje y cosm\u00e9ticos infantiles. Los productos destinados a personas con problemas de la piel como acn\u00e9, psoriasis o eccema tambi\u00e9n deben someterse a pruebas de este tipo para garantizar su uso seguro.<\/p>\n<p>\n<\/div><div class=\"bt_bb_separator bt_bb_border_style_none bt_bb_bottom_spacing_20 bt_bb_hidden_md bt_bb_hidden_lg\" data-bt-override-class=\"null\"><\/div><\/div><\/div><\/div><\/div><\/div><div class=\" bt_bb_row_inner\"   data-bt-override-class=\"{}\"><div class=\"bt_bb_row_inner_holder\"  ><\/div><\/div><div class=\" bt_bb_row_inner\"   data-bt-override-class=\"{}\"><div class=\"bt_bb_row_inner_holder\"  ><div  class=\"bt_bb_column_inner col-xxl-12 col-xl-12 col-xs-12 col-sm-12 col-md-12 col-lg-12 bt_bb_vertical_align_top bt_bb_align_left bt_bb_padding_normal\" style=\"position: relative;\" data-width=\"12\" data-bt-override-class=\"{}\"><div class=\"bt_bb_column_inner_content\"><div class=\"bt_bb_column_inner_content_inner\"><div class=\"bt_bb_separator bt_bb_border_style_none bt_bb_bottom_spacing_30\" data-bt-override-class=\"null\"><\/div><header class=\"bt_bb_headline bt_bb_font_weight_600 bt_bb_dash_none bt_bb_subheadline bt_bb_size_normal bt_bb_align_inherit\" data-bt-override-class=\"null\"><h4><span class=\"bt_bb_headline_content\"><span>PRUEBAS: <\/span><\/span><\/h4><div class=\"bt_bb_headline_subheadline\"> <\/div><\/header><div class=\"bt_bb_separator bt_bb_border_style_none bt_bb_bottom_spacing_30\" data-bt-override-class=\"null\"><\/div><div class=\"bt_bb_service bt_bb_color_scheme_20 bt_bb_style_filled bt_bb_size_small bt_bb_shape_square bt_bb_target_self bt_bb_align_inherit bt_bb_size_headline_inherit\" style=\"; --primary-color:#fff; --secondary-color:#6C76B2;\" data-bt-override-class=\"{&quot;bt_bb_size_&quot;:{&quot;current_class&quot;:&quot;bt_bb_size_small&quot;,&quot;def&quot;:&quot;small&quot;,&quot;xl&quot;:&quot;small&quot;},&quot;bt_bb_align_&quot;:{&quot;current_class&quot;:&quot;bt_bb_align_inherit&quot;,&quot;def&quot;:&quot;inherit&quot;,&quot;xl&quot;:&quot;inherit&quot;}}\"><span  data-ico-fontawesome5regular=\"&#xf058;\" class=\"bt_bb_icon_holder\"><\/span><div class=\"bt_bb_service_content\"><div class=\"bt_bb_service_content_text\">Pruebas de parche (Patch Test): abiertas, semiabiertas, cerradas <\/div><\/div><\/div><div class=\"bt_bb_separator bt_bb_border_style_none bt_bb_bottom_spacing_10\" data-bt-override-class=\"null\"><\/div><div class=\"bt_bb_service bt_bb_color_scheme_20 bt_bb_style_filled bt_bb_size_small bt_bb_shape_square bt_bb_target_self bt_bb_align_inherit bt_bb_size_headline_inherit\" style=\"; --primary-color:#fff; --secondary-color:#6C76B2;\" data-bt-override-class=\"{&quot;bt_bb_size_&quot;:{&quot;current_class&quot;:&quot;bt_bb_size_small&quot;,&quot;def&quot;:&quot;small&quot;,&quot;xl&quot;:&quot;small&quot;},&quot;bt_bb_align_&quot;:{&quot;current_class&quot;:&quot;bt_bb_align_inherit&quot;,&quot;def&quot;:&quot;inherit&quot;,&quot;xl&quot;:&quot;inherit&quot;}}\"><a href=\"https:\/\/www.chemotechnique.se\/patch-testing\/photopatch-testing-ppt---general-information-and-methodology-\/\"  target=\"_self\"   data-ico-fontawesome5regular=\"&#xf058;\" class=\"bt_bb_icon_holder\"><\/a><div class=\"bt_bb_service_content\"><div class=\"bt_bb_service_content_text\">Evaluaci\u00f3n de fototoxicidad y fotoalergia (Photo Patch Test) <\/div><\/div><\/div><div class=\"bt_bb_separator bt_bb_border_style_none bt_bb_bottom_spacing_10\" data-bt-override-class=\"null\"><\/div><div class=\"bt_bb_service bt_bb_color_scheme_20 bt_bb_style_filled bt_bb_size_small bt_bb_shape_square bt_bb_target_self bt_bb_align_inherit bt_bb_size_headline_inherit\" style=\"; --primary-color:#fff; --secondary-color:#6C76B2;\" data-bt-override-class=\"{&quot;bt_bb_size_&quot;:{&quot;current_class&quot;:&quot;bt_bb_size_small&quot;,&quot;def&quot;:&quot;small&quot;,&quot;xl&quot;:&quot;small&quot;},&quot;bt_bb_align_&quot;:{&quot;current_class&quot;:&quot;bt_bb_align_inherit&quot;,&quot;def&quot;:&quot;inherit&quot;,&quot;xl&quot;:&quot;inherit&quot;}}\"><a href=\"https:\/\/pubmed.ncbi.nlm.nih.gov\/19514927\/\"  target=\"_self\"   data-ico-fontawesome5regular=\"&#xf058;\" class=\"bt_bb_icon_holder\"><\/a><div class=\"bt_bb_service_content\"><div class=\"bt_bb_service_content_text\">Prueba HRIPT (Prueba de Parche de Insulto Humano Repetido) <\/div><\/div><\/div><div class=\"bt_bb_separator bt_bb_border_style_none bt_bb_bottom_spacing_10\" data-bt-override-class=\"null\"><\/div><div class=\"bt_bb_service bt_bb_color_scheme_20 bt_bb_style_filled bt_bb_size_small bt_bb_shape_square bt_bb_target_self bt_bb_align_inherit bt_bb_size_headline_inherit\" style=\"; --primary-color:#fff; --secondary-color:#6C76B2;\" data-bt-override-class=\"{&quot;bt_bb_size_&quot;:{&quot;current_class&quot;:&quot;bt_bb_size_small&quot;,&quot;def&quot;:&quot;small&quot;,&quot;xl&quot;:&quot;small&quot;},&quot;bt_bb_align_&quot;:{&quot;current_class&quot;:&quot;bt_bb_align_inherit&quot;,&quot;def&quot;:&quot;inherit&quot;,&quot;xl&quot;:&quot;inherit&quot;}}\"><span  data-ico-fontawesome5regular=\"&#xf058;\" class=\"bt_bb_icon_holder\"><\/span><div class=\"bt_bb_service_content\"><div class=\"bt_bb_service_content_text\">Confirmaci\u00f3n de las propiedades hipoalerg\u00e9nicas del cosm\u00e9tico <\/div><\/div><\/div><div class=\"bt_bb_separator bt_bb_border_style_none bt_bb_bottom_spacing_20 bt_bb_hidden_md bt_bb_hidden_lg\" data-bt-override-class=\"null\"><\/div><\/div><\/div><\/div><\/div><\/div><\/div><\/div><\/div><\/div><\/div><\/div><!-- cell_inner --><\/div><!-- cell --><\/div><!-- port --><\/section><section id=\"bt_bb_section69de2548be8ca\" class=\"bt_bb_section bt_bb_color_scheme_1 bt_bb_layout_boxed_1200 bt_bb_vertical_align_top bt_bb_top_spacing_medium bt_bb_bottom_spacing_medium\" style=\"; --section-primary-color:#ffffff; --section-secondary-color:#000000;;background-color:rgb(108,118,178);\" data-bt-override-class=\"null\"><div class=\"bt_bb_port\"><div class=\"bt_bb_cell\"><div class=\"bt_bb_cell_inner\"><div class=\"bt_bb_row \"  data-bt-override-class=\"{}\"><div class=\"bt_bb_row_holder\" ><div  class=\"bt_bb_column col-xxl-8 col-xl-8 col-xs-12 col-sm-12 col-md-12 col-lg-8 bt_bb_vertical_align_top bt_bb_align_left bt_bb_padding_normal\" style=\"; --column-width:8;\" data-width=\"8\" data-bt-override-class=\"{&quot;bt_bb_align_&quot;:{&quot;current_class&quot;:&quot;bt_bb_align_left&quot;,&quot;def&quot;:&quot;left&quot;,&quot;xl&quot;:&quot;left&quot;}}\"><div class=\"bt_bb_column_content\"><div class=\"bt_bb_column_content_inner\"><header class=\"bt_bb_headline bt_bb_color_scheme_1 bt_bb_dash_none bt_bb_superheadline bt_bb_size_medium bt_bb_align_inherit\" style=\"; --headline-primary-color:#ffffff; --headline-secondary-color:#000000;\" data-bt-override-class=\"null\"><h2><span class=\"bt_bb_headline_superheadline\"><span>FORMULARIO DE CONTACTO<\/span><\/span><span class=\"bt_bb_headline_content\"><span>Pruebas dermatol\u00f3gicas (pruebas de parche Patch Test)<\/span><\/span><\/h2><\/header><div class=\"bt_bb_separator bt_bb_border_style_none bt_bb_bottom_spacing_25\" data-bt-override-class=\"null\"><\/div><div  class=\"bt_bb_text\" ><\/p>\n<p>\u00bfTiene alguna pregunta? \u00bfNecesita una oferta individual?<br \/>\nUtilice el formulario de contacto. Le responderemos lo antes posible.<\/p>\n<p>\n<\/div><div class=\"bt_bb_separator bt_bb_border_style_none bt_bb_bottom_spacing_25\" data-bt-override-class=\"null\"><\/div><\/div><\/div><\/div><div  class=\"bt_bb_column col-xxl-4 col-xl-4 col-xs-12 col-sm-12 col-md-12 col-lg-4 bt_bb_vertical_align_middle bt_bb_align_left bt_bb_padding_normal\" style=\"; --column-width:4;\" data-width=\"4\" data-bt-override-class=\"{&quot;bt_bb_align_&quot;:{&quot;current_class&quot;:&quot;bt_bb_align_left&quot;,&quot;def&quot;:&quot;left&quot;,&quot;xl&quot;:&quot;left&quot;}}\"><div class=\"bt_bb_column_content\"><div class=\"bt_bb_column_content_inner\"><div class=\"bt_bb_button bt_bb_color_scheme_6 bt_bb_icon_position_left bt_bb_style_outline bt_bb_size_normal bt_bb_width_inline bt_bb_shape_inherit bt_bb_target_self bt_bb_align_inherit\" style=\"; --primary-color:#ffffff; --secondary-color:#004787;\" data-bt-override-class=\"{&quot;bt_bb_size_&quot;:{&quot;current_class&quot;:&quot;bt_bb_size_normal&quot;,&quot;def&quot;:&quot;normal&quot;,&quot;xl&quot;:&quot;normal&quot;},&quot;bt_bb_align_&quot;:{&quot;current_class&quot;:&quot;bt_bb_align_inherit&quot;,&quot;def&quot;:&quot;inherit&quot;,&quot;xl&quot;:&quot;inherit&quot;}}\"><a href=\"\/kontakt\/\" target=\"_self\" class=\"bt_bb_link\" title=\"P\u00f3ngase en contacto con nosotros\"><span class=\"bt_bb_button_text\" >P\u00f3ngase en contacto con nosotros<\/span><\/a><\/div><\/div><\/div><\/div><\/div><\/div><\/div><!-- cell_inner --><\/div><!-- cell --><\/div><!-- port --><\/section><\/p>\n","protected":false},"excerpt":{"rendered":"","protected":false},"author":1,"featured_media":11996,"parent":11937,"menu_order":0,"comment_status":"closed","ping_status":"closed","template":"","meta":{"inline_featured_image":false,"footnotes":""},"class_list":["post-11994","page","type-page","status-publish","has-post-thumbnail","hentry"],"_links":{"self":[{"href":"https:\/\/www.gba-polska.pl\/es\/wp-json\/wp\/v2\/pages\/11994","targetHints":{"allow":["GET"]}}],"collection":[{"href":"https:\/\/www.gba-polska.pl\/es\/wp-json\/wp\/v2\/pages"}],"about":[{"href":"https:\/\/www.gba-polska.pl\/es\/wp-json\/wp\/v2\/types\/page"}],"author":[{"embeddable":true,"href":"https:\/\/www.gba-polska.pl\/es\/wp-json\/wp\/v2\/users\/1"}],"replies":[{"embeddable":true,"href":"https:\/\/www.gba-polska.pl\/es\/wp-json\/wp\/v2\/comments?post=11994"}],"version-history":[{"count":2,"href":"https:\/\/www.gba-polska.pl\/es\/wp-json\/wp\/v2\/pages\/11994\/revisions"}],"predecessor-version":[{"id":11998,"href":"https:\/\/www.gba-polska.pl\/es\/wp-json\/wp\/v2\/pages\/11994\/revisions\/11998"}],"up":[{"embeddable":true,"href":"https:\/\/www.gba-polska.pl\/es\/wp-json\/wp\/v2\/pages\/11937"}],"wp:featuredmedia":[{"embeddable":true,"href":"https:\/\/www.gba-polska.pl\/es\/wp-json\/wp\/v2\/media\/11996"}],"wp:attachment":[{"href":"https:\/\/www.gba-polska.pl\/es\/wp-json\/wp\/v2\/media?parent=11994"}],"curies":[{"name":"wp","href":"https:\/\/api.w.org\/{rel}","templated":true}]}}