{"id":8712,"date":"2023-07-03T16:10:30","date_gmt":"2023-07-03T14:10:30","guid":{"rendered":"https:\/\/www.gba-polska.pl\/?page_id=8712"},"modified":"2024-01-29T11:00:56","modified_gmt":"2024-01-29T10:00:56","slug":"consultancy","status":"publish","type":"page","link":"https:\/\/www.gba-polska.pl\/en\/food\/consultancy\/","title":{"rendered":"Consultancy"},"content":{"rendered":"<p><section id=\"bt_bb_section6a074a86bc1f5\" class=\"bt_bb_section bt_bb_color_scheme_11 bt_bb_layout_boxed_1200 bt_bb_vertical_align_top bt_bb_background_overlay_dark_solid bt_bb_top_spacing_extra_large bt_bb_bottom_spacing_large bt-dark-skin\" style=\"; --section-primary-color:#ffffff; --section-secondary-color:#181818;\" data-bt-override-class=\"null\"><div class=\"bt_bb_background_image_holder_wrapper\"><div class=\"bt_bb_background_image_holder btLazyLoadBackground\"  data-background_image_src=\"https:\/\/www.gba-polska.pl\/wp-content\/uploads\/2021\/12\/zywnosc-gba-polska.jpg\" data-parallax-zoom-start=\"1\" data-parallax-zoom-end=\"1\" data-parallax-blur-start=\"0\" data-parallax-blur-end=\"0\" data-parallax-opacity-start=\"1\" data-parallax-opacity-end=\"1\" style=\" background-image: url(&#039;https:\/\/www.gba-polska.pl\/wp-content\/plugins\/bold-page-builder\/img\/blank.gif&#039;);\"><\/div><\/div><div class=\"bt_bb_port\"><div class=\"bt_bb_cell\"><div class=\"bt_bb_cell_inner\"><div class=\"bt_bb_row \"  data-bt-override-class=\"{}\"><div class=\"bt_bb_row_holder\" ><div  class=\"bt_bb_column col-xxl-6 col-xl-6 bt_bb_vertical_align_top bt_bb_align_left bt_bb_padding_normal bt_bb_animation_fade_in zoom_out animate\" style=\"; --column-width:6;\" data-width=\"6\" data-bt-override-class=\"{}\"><div class=\"bt_bb_column_content\"><div class=\"bt_bb_column_content_inner\"><header class=\"bt_bb_headline bt_bb_dash_top bt_bb_superheadline bt_bb_size_large bt_bb_align_inherit\" data-bt-override-class=\"null\"><h1><span class=\"bt_bb_headline_superheadline\"><span>Additional services<\/span><\/span><span class=\"bt_bb_headline_content\"><span>Consultancy<span class=\"bt_bb_outline_text bt_bb_outline_text_align_left bt_bb_outline_text_size_400\"><span>Doradztwo<\/span><\/span><\/span><\/span><\/h1><\/header><div class=\"bt_bb_separator bt_bb_border_style_none bt_bb_bottom_spacing_60\" data-bt-override-class=\"null\"><\/div><\/div><\/div><\/div><div  class=\"bt_bb_column col-xxl-6 col-xl-6 bt_bb_vertical_align_top bt_bb_align_right bt_bb_padding_40 bt_bb_animation_fade_in zoom_out animate\" style=\"; --column-width:6;\" data-width=\"6\" data-bt-override-class=\"{}\"><div class=\"bt_bb_column_content\"><div class=\"bt_bb_column_content_inner\"><\/div><\/div><\/div><\/div><\/div><\/div><!-- cell_inner --><\/div><!-- cell --><\/div><!-- port --><\/section><section id=\"bt_bb_section6a074a86bcacb\" class=\"bt_bb_section bt_bb_layout_wide bt_bb_vertical_align_top bt_bb_top_spacing_large bt_bb_bottom_spacing_large\" style=\"z-index: 1;\" data-bt-override-class=\"null\"><div class=\"bt_bb_port\"><div class=\"bt_bb_cell\"><div class=\"bt_bb_cell_inner\"><div class=\"bt_bb_row bt_bb_row_push_left bt_bb_content_wide bt_bb_row_width_boxed_1200 bt_bb_row_width_boxed  bt_bb_column_gap_30\" style=\"; --column-gap:30px;\" data-bt-override-class=\"{}\"><div class=\"bt_bb_row_holder\" ><div  class=\"bt_bb_column col-xxl-5 col-xl-5 bt_bb_vertical_align_bottom bt_bb_align_left bt_bb_padding_normal bt_bb_animation_fade_in animate bt_bb_hidden_xs bt_bb_hidden_ms bt_bb_hidden_sm\" style=\"position: relative;; --column-width:5;\" data-width=\"5\" data-bt-override-class=\"{&quot;bt_bb_align_&quot;:{&quot;current_class&quot;:&quot;bt_bb_align_left&quot;,&quot;def&quot;:&quot;left&quot;,&quot;xl&quot;:&quot;left&quot;}}\"><div class=\"bt_bb_column_content\"><div class=\"bt_bb_column_content_inner\"><div class=\"bt_bb_image bt_bb_shape_square bt_bb_align_inherit bt_bb_hover_style_simple bt_bb_content_display_always bt_bb_content_align_bottom bt_bb_remove_padding_40 bt_bb_fill_background_color_match_content_height\" style=\"max-width: 650px; float: right;\" data-bt-override-class=\"null\"><span><img src = \"https:\/\/www.gba-polska.pl\/wp-content\/plugins\/bold-page-builder\/img\/blank.gif\" data-full_image_src=\"https:\/\/www.gba-polska.pl\/wp-content\/uploads\/2022\/01\/GBA-zywnosc-uslugi-dodatkowe-doradztwo.jpg\" data-image_src=\"https:\/\/www.gba-polska.pl\/wp-content\/uploads\/2022\/01\/GBA-zywnosc-uslugi-dodatkowe-doradztwo.jpg\" title=\"GBA \u017cywno\u015b\u0107 - doradztwo\" alt=\"GBA \u017cywno\u015b\u0107 - doradztwo\" class=\"btLazyLoadImage\"><\/span><\/div><div class=\"bt_bb_floating_element bt_bb_floating_element_horizontal_position_right bt_bb_floating_element_vertical_position_top bt_bb_floating_element_animation_delay_default bt_bb_floating_element_animation_duration_default bt_bb_floating_element_animation_style_ease_out\" style=\"margin-right: -1em; margin-top: -3em; mix-blend-mode: multiply;\" data-speed=\"0\"><div class=\"bt_bb_floating_element_html\" data-speed=\"0\"><span  style=\"width: 6em; height: 6em; box-shadow: 0 0 0 4px #F1F1F1 inset;\"><\/span><\/div><\/div><div class=\"bt_bb_separator bt_bb_border_style_none bt_bb_bottom_spacing_60 bt_bb_hidden_md bt_bb_hidden_lg\" data-bt-override-class=\"null\"><\/div><\/div><\/div><\/div><div  class=\"bt_bb_column col-xxl-7 col-xl-7 bt_bb_vertical_align_middle bt_bb_align_left bt_bb_padding_normal bt_bb_animation_fade_in animate\" style=\"; --column-width:7;\" data-width=\"7\" data-bt-override-class=\"{}\"><div class=\"bt_bb_column_content\"><div class=\"bt_bb_column_content_inner\"><div class=\" bt_bb_row_inner\"   data-bt-override-class=\"{}\"><div class=\"bt_bb_row_inner_holder\"  ><div  class=\"bt_bb_column_inner col-xxl-12 col-xl-12 col-xs-12 col-sm-12 col-md-12 col-lg-12 bt_bb_vertical_align_top bt_bb_align_left bt_bb_padding_normal\"  data-width=\"12\" data-bt-override-class=\"{}\"><div class=\"bt_bb_column_inner_content\"><div class=\"bt_bb_column_inner_content_inner\"><div class=\"bt_bb_separator bt_bb_border_style_none bt_bb_bottom_spacing_20\" data-bt-override-class=\"null\"><\/div><header class=\"bt_bb_headline .lineHeighth bt_bb_dash_top bt_bb_size_small bt_bb_align_left\" data-bt-override-class=\"null\"><h3 style=\"font-size:28px\"><span class=\"bt_bb_headline_content\"><span>Comprising experts in microbiology, physico-chemical analysis, and R&D, our team is dedicated to assisting customers in resolving analytical and production challenges.<\/p><br \/>\n<p>GBA POLSKA provides substantive support to clients with regard to: <\/span><\/span><\/h3><\/header><div class=\"bt_bb_separator bt_bb_border_style_none bt_bb_bottom_spacing_25\" data-bt-override-class=\"null\"><\/div><div  class=\"bt_bb_text\" ><\/p>\n<ul>\n<li>application and interpretation of food law with EU law;<\/li>\n<li>legal advice on food law;<\/li>\n<li>legal advice on environmental protection issues;<\/li>\n<li>food labelling, including nutritional labelling;<\/li>\n<li>production hygiene;<\/li>\n<li>interpretation of results;<\/li>\n<li>product stability;<\/li>\n<li>individual research projects;<\/li>\n<li>challenge tests.<\/li>\n<\/ul>\n<p>\n<\/div><div class=\"bt_bb_separator bt_bb_border_style_none bt_bb_bottom_spacing_25\" data-bt-override-class=\"null\"><\/div><\/div><\/div><\/div><\/div><\/div><\/div><\/div><\/div><\/div><\/div><\/div><!-- cell_inner --><\/div><!-- cell --><\/div><!-- port --><\/section><section id=\"bt_bb_section6a074a86bef6e\" class=\"bt_bb_section bt_bb_color_scheme_1 bt_bb_layout_boxed_1200 bt_bb_vertical_align_top bt_bb_top_spacing_medium bt_bb_bottom_spacing_medium\" style=\"; --section-primary-color:#ffffff; --section-secondary-color:#000000;;background-color:rgb(71,168,189);\" data-bt-override-class=\"null\"><div class=\"bt_bb_port\"><div class=\"bt_bb_cell\"><div class=\"bt_bb_cell_inner\"><div class=\"bt_bb_row \"  data-bt-override-class=\"{}\"><div class=\"bt_bb_row_holder\" ><div  class=\"bt_bb_column col-xxl-8 col-xl-8 col-xs-12 col-sm-12 col-md-12 col-lg-8 bt_bb_vertical_align_top bt_bb_align_left bt_bb_padding_normal\" style=\"; --column-width:8;\" data-width=\"8\" data-bt-override-class=\"{&quot;bt_bb_align_&quot;:{&quot;current_class&quot;:&quot;bt_bb_align_left&quot;,&quot;def&quot;:&quot;left&quot;,&quot;xl&quot;:&quot;left&quot;}}\"><div class=\"bt_bb_column_content\"><div class=\"bt_bb_column_content_inner\"><header class=\"bt_bb_headline bt_bb_color_scheme_1 bt_bb_dash_none bt_bb_superheadline bt_bb_size_medium bt_bb_align_inherit\" style=\"; --headline-primary-color:#ffffff; --headline-secondary-color:#000000;\" data-bt-override-class=\"null\"><h2><span class=\"bt_bb_headline_superheadline\"><span>CONTACT FORM<\/span><\/span><span class=\"bt_bb_headline_content\"><span>Let us always be in touch<\/span><\/span><\/h2><\/header><div class=\"bt_bb_separator bt_bb_border_style_none bt_bb_bottom_spacing_25\" data-bt-override-class=\"null\"><\/div><div  class=\"bt_bb_text\" ><\/p>\n<p>Do you have questions? Do you need an individual offer?<br \/>\nUse the contact form. We will get back to you promptly with an answer.<\/p>\n<p>\n<\/div><div class=\"bt_bb_separator bt_bb_border_style_none bt_bb_bottom_spacing_25\" data-bt-override-class=\"null\"><\/div><\/div><\/div><\/div><div  class=\"bt_bb_column col-xxl-4 col-xl-4 col-xs-12 col-sm-12 col-md-12 col-lg-4 bt_bb_vertical_align_middle bt_bb_align_left bt_bb_padding_normal\" style=\"; --column-width:4;\" data-width=\"4\" data-bt-override-class=\"{&quot;bt_bb_align_&quot;:{&quot;current_class&quot;:&quot;bt_bb_align_left&quot;,&quot;def&quot;:&quot;left&quot;,&quot;xl&quot;:&quot;left&quot;}}\"><div class=\"bt_bb_column_content\"><div class=\"bt_bb_column_content_inner\"><div class=\"bt_bb_button bt_bb_color_scheme_6 bt_bb_icon_position_left bt_bb_style_outline bt_bb_size_normal bt_bb_width_inline bt_bb_shape_inherit bt_bb_target_self bt_bb_align_inherit\" style=\"; --primary-color:#ffffff; --secondary-color:#004787;\" data-bt-override-class=\"{&quot;bt_bb_size_&quot;:{&quot;current_class&quot;:&quot;bt_bb_size_normal&quot;,&quot;def&quot;:&quot;normal&quot;,&quot;xl&quot;:&quot;normal&quot;},&quot;bt_bb_align_&quot;:{&quot;current_class&quot;:&quot;bt_bb_align_inherit&quot;,&quot;def&quot;:&quot;inherit&quot;,&quot;xl&quot;:&quot;inherit&quot;}}\"><a href=\"https:\/\/www.gba-polska.pl\/kontakt\/\" target=\"_self\" class=\"bt_bb_link\" title=\"Get in touch with us\"><span class=\"bt_bb_button_text\" >Get in touch with us<\/span><\/a><\/div><\/div><\/div><\/div><\/div><\/div><\/div><!-- cell_inner --><\/div><!-- cell --><\/div><!-- port --><\/section><\/p>\n","protected":false},"excerpt":{"rendered":"","protected":false},"author":4,"featured_media":2139,"parent":8643,"menu_order":0,"comment_status":"closed","ping_status":"closed","template":"","meta":{"inline_featured_image":false,"footnotes":""},"class_list":["post-8712","page","type-page","status-publish","has-post-thumbnail","hentry"],"_links":{"self":[{"href":"https:\/\/www.gba-polska.pl\/en\/wp-json\/wp\/v2\/pages\/8712","targetHints":{"allow":["GET"]}}],"collection":[{"href":"https:\/\/www.gba-polska.pl\/en\/wp-json\/wp\/v2\/pages"}],"about":[{"href":"https:\/\/www.gba-polska.pl\/en\/wp-json\/wp\/v2\/types\/page"}],"author":[{"embeddable":true,"href":"https:\/\/www.gba-polska.pl\/en\/wp-json\/wp\/v2\/users\/4"}],"replies":[{"embeddable":true,"href":"https:\/\/www.gba-polska.pl\/en\/wp-json\/wp\/v2\/comments?post=8712"}],"version-history":[{"count":3,"href":"https:\/\/www.gba-polska.pl\/en\/wp-json\/wp\/v2\/pages\/8712\/revisions"}],"predecessor-version":[{"id":9827,"href":"https:\/\/www.gba-polska.pl\/en\/wp-json\/wp\/v2\/pages\/8712\/revisions\/9827"}],"up":[{"embeddable":true,"href":"https:\/\/www.gba-polska.pl\/en\/wp-json\/wp\/v2\/pages\/8643"}],"wp:featuredmedia":[{"embeddable":true,"href":"https:\/\/www.gba-polska.pl\/en\/wp-json\/wp\/v2\/media\/2139"}],"wp:attachment":[{"href":"https:\/\/www.gba-polska.pl\/en\/wp-json\/wp\/v2\/media?parent=8712"}],"curies":[{"name":"wp","href":"https:\/\/api.w.org\/{rel}","templated":true}]}}