{"id":5643,"date":"2020-10-26T12:22:37","date_gmt":"2020-10-26T11:22:37","guid":{"rendered":"https:\/\/www.gba-polska.pl\/aktualnosci\/"},"modified":"2022-04-13T11:40:16","modified_gmt":"2022-04-13T09:40:16","slug":"news","status":"publish","type":"page","link":"https:\/\/www.gba-polska.pl\/de\/news\/","title":{"rendered":"News"},"content":{"rendered":"<section id=\"bt_bb_section69ff719aeaaf0\" class=\"bt_bb_section bt_bb_layout_boxed_1200 bt_bb_vertical_align_top bt_bb_top_spacing_medium bt_bb_bottom_spacing_large\"  data-bt-override-class=\"null\"><div class=\"bt_bb_port\"><div class=\"bt_bb_cell\"><div class=\"bt_bb_cell_inner\"><div class=\"bt_bb_row \"  data-bt-override-class=\"{}\"><div class=\"bt_bb_row_holder\" ><div  class=\"bt_bb_column col-xxl-12 col-xl-12 bt_bb_vertical_align_top bt_bb_align_left bt_bb_padding_normal\" style=\"; --column-width:12;\" data-width=\"12\" data-bt-override-class=\"{}\"><div class=\"bt_bb_column_content\"><div class=\"bt_bb_column_content_inner\"><div class=\"bt_bb_masonry_post_grid bt_bb_grid_container bt_bb_columns_3 bt_bb_gap_large bt_bb_date_design_triangle\" data-columns=\"3\"><div class=\"bt_bb_post_grid_filter\"><span class=\"bt_bb_post_grid_filter_item active\" data-category=\"\">All<\/span><span class=\"bt_bb_post_grid_filter_item\" data-category=\"kosmetyki-de\">Kosmetika<\/span><span class=\"bt_bb_post_grid_filter_item\" data-category=\"unkategorisiert\">Unkategorisiert<\/span><\/div><div class=\"bt_bb_masonry_post_grid_content bt_bb_grid_hide\" data-bt-bb-masonry-post-grid-nonce=\"f96cb43b0d\" data-number=\"1000\" data-category=\"\" data-show=\"%7B%22category%22%3Afalse%2C%22date%22%3Afalse%2C%22author%22%3Afalse%2C%22comments%22%3Afalse%2C%22excerpt%22%3Atrue%2C%22share%22%3Afalse%2C%22size%22%3A%22boldthemes_large_square%22%7D\" data-auto-loading=\"\" data-post-type=\"post\" data-date-design=\"triangle\" ><div class=\"bt_bb_grid_sizer\"><\/div><\/div><div class=\"bt_bb_post_grid_loader\"><\/div><\/div><\/div><\/div><\/div><\/div><\/div><\/div><!-- cell_inner --><\/div><!-- cell --><\/div><!-- port --><\/section>\n","protected":false},"excerpt":{"rendered":"<p>Seit 20 Jahren sind wir ein zuverl\u00e4ssiger und vertrauensw\u00fcrdiger Partner auf dem Gebiet der Laboruntersuchungen von Lebensmitteln, Umwelt und Kosmetika. Seit Anfang 2021 sind wir Teil der GBA Group, einem europ\u00e4ischen Netzwerk von Pr\u00fcflaboren.<\/p>\n<p>Die langj\u00e4hrige Erfahrung, die st\u00e4ndige Verbesserung der Qualifikationen, die st\u00e4ndige Investition in die neueste Technologie und der h\u00f6chste Standard der Analysemethoden machen GBA POLSKA zu einem Synonym f\u00fcr Effektivit\u00e4t und h\u00f6chste Qualit\u00e4t.<\/p>\n","protected":false},"author":1,"featured_media":5385,"parent":0,"menu_order":0,"comment_status":"closed","ping_status":"closed","template":"","meta":{"inline_featured_image":false,"footnotes":""},"class_list":["post-5643","page","type-page","status-publish","has-post-thumbnail","hentry"],"_links":{"self":[{"href":"https:\/\/www.gba-polska.pl\/de\/wp-json\/wp\/v2\/pages\/5643","targetHints":{"allow":["GET"]}}],"collection":[{"href":"https:\/\/www.gba-polska.pl\/de\/wp-json\/wp\/v2\/pages"}],"about":[{"href":"https:\/\/www.gba-polska.pl\/de\/wp-json\/wp\/v2\/types\/page"}],"author":[{"embeddable":true,"href":"https:\/\/www.gba-polska.pl\/de\/wp-json\/wp\/v2\/users\/1"}],"replies":[{"embeddable":true,"href":"https:\/\/www.gba-polska.pl\/de\/wp-json\/wp\/v2\/comments?post=5643"}],"version-history":[{"count":3,"href":"https:\/\/www.gba-polska.pl\/de\/wp-json\/wp\/v2\/pages\/5643\/revisions"}],"predecessor-version":[{"id":6911,"href":"https:\/\/www.gba-polska.pl\/de\/wp-json\/wp\/v2\/pages\/5643\/revisions\/6911"}],"wp:featuredmedia":[{"embeddable":true,"href":"https:\/\/www.gba-polska.pl\/de\/wp-json\/wp\/v2\/media\/5385"}],"wp:attachment":[{"href":"https:\/\/www.gba-polska.pl\/de\/wp-json\/wp\/v2\/media?parent=5643"}],"curies":[{"name":"wp","href":"https:\/\/api.w.org\/{rel}","templated":true}]}}